{"id":2926,"date":"2025-09-22T15:10:18","date_gmt":"2025-09-22T13:10:18","guid":{"rendered":"https:\/\/sud-corse.com\/sud-corse-hotellerie-is-hiring\/"},"modified":"2025-10-27T10:01:44","modified_gmt":"2025-10-27T09:01:44","slug":"sud-corse-hotellerie-is-hiring","status":"publish","type":"page","link":"https:\/\/www.sud-corse.com\/en\/sud-corse-hotellerie-is-hiring\/","title":{"rendered":"Sud Corse H\u00f4tellerie is hiring"},"content":{"rendered":"[vc_row type=&#8221;in_container&#8221; full_screen_row_position=&#8221;middle&#8221; column_margin=&#8221;default&#8221; column_direction=&#8221;default&#8221; column_direction_tablet=&#8221;default&#8221; column_direction_phone=&#8221;default&#8221; scene_position=&#8221;center&#8221; text_color=&#8221;dark&#8221; text_align=&#8221;left&#8221; row_border_radius=&#8221;none&#8221; row_border_radius_applies=&#8221;bg&#8221; overflow=&#8221;visible&#8221; overlay_strength=&#8221;0.3&#8243; gradient_direction=&#8221;left_to_right&#8221; shape_divider_position=&#8221;bottom&#8221; bg_image_animation=&#8221;none&#8221;][vc_column column_padding=&#8221;no-extra-padding&#8221; column_padding_tablet=&#8221;inherit&#8221; column_padding_phone=&#8221;inherit&#8221; column_padding_position=&#8221;all&#8221; column_element_direction_desktop=&#8221;default&#8221; column_element_spacing=&#8221;default&#8221; desktop_text_alignment=&#8221;default&#8221; tablet_text_alignment=&#8221;default&#8221; phone_text_alignment=&#8221;default&#8221; background_color_opacity=&#8221;1&#8243; background_hover_color_opacity=&#8221;1&#8243; column_backdrop_filter=&#8221;none&#8221; column_shadow=&#8221;none&#8221; column_border_radius=&#8221;none&#8221; column_link_target=&#8221;_self&#8221; column_position=&#8221;default&#8221; gradient_direction=&#8221;left_to_right&#8221; overlay_strength=&#8221;0.3&#8243; width=&#8221;1\/1&#8243; tablet_width_inherit=&#8221;default&#8221; animation_type=&#8221;default&#8221; bg_image_animation=&#8221;none&#8221; border_type=&#8221;simple&#8221; column_border_width=&#8221;none&#8221; column_border_style=&#8221;solid&#8221;][divider line_type=&#8221;No Line&#8221;][split_line_heading animation_type=&#8221;line-reveal-by-space&#8221; font_style=&#8221;h1&#8243; text_color=&#8221;#466d5c&#8221; line_reveal_by_space_text_effect=&#8221;default&#8221; content_alignment=&#8221;default&#8221; mobile_content_alignment=&#8221;inherit&#8221; link_target=&#8221;_self&#8221; text_content=&#8221;Sud Corse H\u00f4tellerie is hiring&#8221; text_direction=&#8221;default&#8221;][\/split_line_heading][divider line_type=&#8221;No Line&#8221;][image_with_animation image_url=&#8221;2416&#8243; image_size=&#8221;large&#8221; animation_type=&#8221;entrance&#8221; animation=&#8221;None&#8221; animation_movement_type=&#8221;transform_y&#8221; hover_animation=&#8221;none&#8221; alignment=&#8221;&#8221; border_radius=&#8221;none&#8221; box_shadow=&#8221;none&#8221; image_loading=&#8221;default&#8221; max_width=&#8221;100%&#8221; max_width_mobile=&#8221;default&#8221;][vc_column_text css=&#8221;&#8221; text_direction=&#8221;default&#8221;]\n<header><\/header>\n<div class=\"entry-content\">\n<p>Sud Corse H\u00f4tellerie is a renowned company in the hospitality industry, offering exceptional stay experiences in the magnificent bay of Santa Giulia in Porto-Vecchio. Our company stands out for its commitment to excellence, warm hospitality, and unparalleled customer service. With a diverse portfolio of luxury hotels, seaside resorts, and holiday villas, Sud Corse H\u00f4tellerie strives to create memorable moments for every guest by offering high-quality accommodations, modern facilities, and breathtaking views of Santa Giulia beach.<\/p>\n<p>We have 2 hotels, <a href=\"https:\/\/www.sud-corse.com\/hotels\/hotel-moby-dick\/\" target=\"_blank\" rel=\"noreferrer noopener\">Hotel Lodges Moby Dick****<\/a> andl\u2019<a href=\"https:\/\/www.sud-corse.com\/hotels\/hotel-castellverde\/\">H\u00f4tel Castell\u2019Verde***<\/a> as well 3 residences, <a href=\"https:\/\/www.sud-corse.com\/residence\/residence-moby-dick\/\">Residence Moby Dick<\/a>, <a href=\"https:\/\/www.sud-corse.com\/residence\/residence-castellverde\/\">Residence Castell\u2019Verde<\/a>, <a href=\"https:\/\/www.sud-corse.com\/residence\/residence-cala-sultana\/\">Residence Cala Sultana<\/a>. Our establishment also includes an organic beach bar called L\u2019Oasis Santa Giulia, as well as the restaurant La Table du Moby Dick and the pizzeria &amp; snack bar U Rustitu.<\/p>\n<p>Our dedicated team is passionate about hospitality and does everything possible to meet the unique needs and expectations of our guests, offering them a personalized and tailor-made experience. Whether for family vacations, romantic getaways, or special events, Sud Corse H\u00f4tellerie is the ideal address for those looking for a dream destination by the sea.<\/p>\n<p>&nbsp;<\/p>\n<\/div>\n[\/vc_column_text][image_with_animation image_url=&#8221;2419&#8243; image_size=&#8221;large&#8221; animation_type=&#8221;entrance&#8221; animation=&#8221;None&#8221; animation_movement_type=&#8221;transform_y&#8221; hover_animation=&#8221;none&#8221; alignment=&#8221;&#8221; border_radius=&#8221;none&#8221; box_shadow=&#8221;none&#8221; image_loading=&#8221;default&#8221; max_width=&#8221;100%&#8221; max_width_mobile=&#8221;default&#8221;][split_line_heading animation_type=&#8221;line-reveal-by-space&#8221; font_style=&#8221;h2&#8243; text_color=&#8221;#466d5c&#8221; font_size_min=&#8221;25px&#8221; font_size_max=&#8221;30px&#8221; line_reveal_by_space_text_effect=&#8221;default&#8221; content_alignment=&#8221;default&#8221; mobile_content_alignment=&#8221;inherit&#8221; link_target=&#8221;_self&#8221; text_content=&#8221;Every year, Sud Corse H\u00f4tellerie hires !&#8221; font_size=&#8221;2vw&#8221; font_line_height=&#8221;1.4&#8243; text_direction=&#8221;default&#8221; el_class=&#8221;semi-bold&#8221;][\/split_line_heading][vc_column_text css=&#8221;&#8221; text_direction=&#8221;default&#8221;]\n<header><\/header>\n<div class=\"entry-content\">\n<p>We are looking for talented and passionate professionals ready to provide quality service to our clients. Whether you are a student seeking a rewarding experience, an experienced seasonal worker, or someone eager to discover the world of hospitality, we have a variety of positions available. Seize this unique opportunity to join a dynamic and passionate team.<\/p>\n<h3><strong>Positions available :<\/strong><\/h3>\n<p>RECEPTION (English required)<br \/>\n\u2022 Assistant Front Office Manager<br \/>\n\u2022 Front Office Supervisor<br \/>\n\u2022 Receptionist<br \/>\n\u2022 Rotating Receptionist<br \/>\n\u2022 Night Auditor<br \/>\n\u2022 Bellboy<br \/>\n\u2022 Assistant Housekeeper<\/p>\n<p>HOUSEKEEPING (39 hours)<br \/>\n\u2022 Chambermaid<br \/>\n\u2022 Cleaner\/Room Attendant<br \/>\n\u2022 Housekeeper<\/p>\n<p>KITCHEN (39 hours)<br \/>\n\u2022 Chef de Partie (42 hours)<br \/>\n\u2022 Junior Chef de Partie<br \/>\n\u2022 Commis Chef<br \/>\n\u2022 Sous Chef<br \/>\n\u2022 Kitchen Assistant<br \/>\n\u2022 Dishwasher<\/p>\n<p>RESTAURANT (39 hours)<br \/>\n\u2022 Assistant Maitre d\u2019H\u00f4tel<br \/>\n\u2022 Breakfast Manager<br \/>\n\u2022 Head Waiter \/ Waitress<br \/>\n\u2022 Waitstaff Assistant<br \/>\n\u2022 Bar Assistant<br \/>\n\u2022 Beach Attendant<\/p>\n<p>TECHNICAL (39 hours)<br \/>\n\u2022 Night Guard<br \/>\n\u2022 Multi-skilled Agent (2 Nights\/3 Days in Technical)<br \/>\n\u2022 Multi-skilled Technician<\/p>\n<p>The positions include meals and accommodation nearby; having a vehicle is a plus.<\/p>\n<p>Send a CV and cover letter to : <strong>recrutement@sud-corse.fr<\/strong><\/p>\n<\/div>\n[\/vc_column_text][image_with_animation image_url=&#8221;2422&#8243; image_size=&#8221;large&#8221; animation_type=&#8221;entrance&#8221; animation=&#8221;None&#8221; animation_movement_type=&#8221;transform_y&#8221; hover_animation=&#8221;none&#8221; alignment=&#8221;&#8221; border_radius=&#8221;none&#8221; box_shadow=&#8221;none&#8221; image_loading=&#8221;default&#8221; max_width=&#8221;100%&#8221; max_width_mobile=&#8221;default&#8221;][\/vc_column][\/vc_row][vc_row type=&#8221;in_container&#8221; full_screen_row_position=&#8221;middle&#8221; column_margin=&#8221;default&#8221; column_direction=&#8221;default&#8221; column_direction_tablet=&#8221;default&#8221; column_direction_phone=&#8221;default&#8221; scene_position=&#8221;center&#8221; text_color=&#8221;dark&#8221; text_align=&#8221;left&#8221; row_border_radius=&#8221;none&#8221; row_border_radius_applies=&#8221;bg&#8221; overflow=&#8221;visible&#8221; overlay_strength=&#8221;0.3&#8243; gradient_direction=&#8221;left_to_right&#8221; shape_divider_position=&#8221;bottom&#8221; bg_image_animation=&#8221;none&#8221;][vc_column column_padding=&#8221;no-extra-padding&#8221; column_padding_tablet=&#8221;inherit&#8221; column_padding_phone=&#8221;inherit&#8221; column_padding_position=&#8221;all&#8221; column_element_direction_desktop=&#8221;default&#8221; column_element_spacing=&#8221;default&#8221; desktop_text_alignment=&#8221;default&#8221; tablet_text_alignment=&#8221;default&#8221; phone_text_alignment=&#8221;default&#8221; background_color_opacity=&#8221;1&#8243; background_hover_color_opacity=&#8221;1&#8243; column_backdrop_filter=&#8221;none&#8221; column_shadow=&#8221;none&#8221; column_border_radius=&#8221;none&#8221; column_link_target=&#8221;_self&#8221; column_position=&#8221;default&#8221; gradient_direction=&#8221;left_to_right&#8221; overlay_strength=&#8221;0.3&#8243; width=&#8221;1\/1&#8243; tablet_width_inherit=&#8221;default&#8221; animation_type=&#8221;default&#8221; bg_image_animation=&#8221;none&#8221; border_type=&#8221;simple&#8221; column_border_width=&#8221;none&#8221; column_border_style=&#8221;solid&#8221;][\/vc_column][\/vc_row][vc_row type=&#8221;in_container&#8221; full_screen_row_position=&#8221;middle&#8221; column_margin=&#8221;default&#8221; column_direction=&#8221;default&#8221; column_direction_tablet=&#8221;default&#8221; column_direction_phone=&#8221;default&#8221; scene_position=&#8221;center&#8221; text_color=&#8221;dark&#8221; text_align=&#8221;left&#8221; row_border_radius=&#8221;none&#8221; row_border_radius_applies=&#8221;bg&#8221; overflow=&#8221;visible&#8221; overlay_strength=&#8221;0.3&#8243; gradient_direction=&#8221;left_to_right&#8221; shape_divider_position=&#8221;bottom&#8221; bg_image_animation=&#8221;none&#8221;][vc_column column_padding=&#8221;no-extra-padding&#8221; column_padding_tablet=&#8221;inherit&#8221; column_padding_phone=&#8221;inherit&#8221; column_padding_position=&#8221;all&#8221; column_element_direction_desktop=&#8221;default&#8221; column_element_spacing=&#8221;default&#8221; desktop_text_alignment=&#8221;default&#8221; tablet_text_alignment=&#8221;default&#8221; phone_text_alignment=&#8221;default&#8221; background_color_opacity=&#8221;1&#8243; background_hover_color_opacity=&#8221;1&#8243; column_backdrop_filter=&#8221;none&#8221; column_shadow=&#8221;none&#8221; column_border_radius=&#8221;none&#8221; column_link_target=&#8221;_self&#8221; column_position=&#8221;default&#8221; gradient_direction=&#8221;left_to_right&#8221; overlay_strength=&#8221;0.3&#8243; width=&#8221;1\/1&#8243; tablet_width_inherit=&#8221;default&#8221; animation_type=&#8221;default&#8221; bg_image_animation=&#8221;none&#8221; border_type=&#8221;simple&#8221; column_border_width=&#8221;none&#8221; column_border_style=&#8221;solid&#8221;][\/vc_column][\/vc_row]\n","protected":false},"excerpt":{"rendered":"<p>[vc_row type=&#8221;in_container&#8221; full_screen_row_position=&#8221;middle&#8221; column_margin=&#8221;default&#8221; column_direction=&#8221;default&#8221; column_direction_tablet=&#8221;default&#8221; column_direction_phone=&#8221;default&#8221; scene_position=&#8221;center&#8221; text_color=&#8221;dark&#8221; text_align=&#8221;left&#8221; row_border_radius=&#8221;none&#8221; row_border_radius_applies=&#8221;bg&#8221; overflow=&#8221;visible&#8221; overlay_strength=&#8221;0.3&#8243; gradient_direction=&#8221;left_to_right&#8221; shape_divider_position=&#8221;bottom&#8221; bg_image_animation=&#8221;none&#8221;][vc_column column_padding=&#8221;no-extra-padding&#8221; column_padding_tablet=&#8221;inherit&#8221; column_padding_phone=&#8221;inherit&#8221; column_padding_position=&#8221;all&#8221; column_element_direction_desktop=&#8221;default&#8221; column_element_spacing=&#8221;default&#8221; desktop_text_alignment=&#8221;default&#8221; tablet_text_alignment=&#8221;default&#8221; phone_text_alignment=&#8221;default&#8221; background_color_opacity=&#8221;1&#8243; background_hover_color_opacity=&#8221;1&#8243; column_backdrop_filter=&#8221;none&#8221; column_shadow=&#8221;none&#8221;&#8230;<\/p>\n","protected":false},"author":2,"featured_media":2565,"parent":0,"menu_order":0,"comment_status":"closed","ping_status":"closed","template":"","meta":{"_acf_changed":false,"inline_featured_image":false,"footnotes":""},"class_list":["post-2926","page","type-page","status-publish","has-post-thumbnail"],"acf":[],"yoast_head":"<!-- This site is optimized with the Yoast SEO plugin v26.4 - https:\/\/yoast.com\/wordpress\/plugins\/seo\/ -->\n<title>Sud Corse H\u00f4tellerie is hiring | Sud Corse H\u00f4tellerie, Santa Giulia<\/title>\n<meta name=\"description\" content=\"Sud Corse H\u00f4tellerie is hiring in Santa Giulia! Join our teams in hospitality, restaurant, technical, or reception services.\" \/>\n<meta name=\"robots\" content=\"index, follow, max-snippet:-1, max-image-preview:large, max-video-preview:-1\" \/>\n<link rel=\"canonical\" href=\"https:\/\/sud-corse.com\/en\/sud-corse-hotellerie-is-hiring\/\" \/>\n<meta property=\"og:locale\" content=\"en_US\" \/>\n<meta property=\"og:type\" content=\"article\" \/>\n<meta property=\"og:title\" content=\"Sud Corse H\u00f4tellerie is hiring | Sud Corse H\u00f4tellerie, Santa Giulia\" \/>\n<meta property=\"og:description\" content=\"Sud Corse H\u00f4tellerie is hiring in Santa Giulia! Join our teams in hospitality, restaurant, technical, or reception services.\" \/>\n<meta property=\"og:url\" content=\"https:\/\/sud-corse.com\/en\/sud-corse-hotellerie-is-hiring\/\" \/>\n<meta property=\"og:site_name\" content=\"sud-corse.com\" \/>\n<meta property=\"article:modified_time\" content=\"2025-10-27T09:01:44+00:00\" \/>\n<meta property=\"og:image\" content=\"https:\/\/sud-corse.com\/wp-content\/uploads\/2025\/09\/Ponton-Hotel-Moby-Dick-Santa-Giulia.jpg\" \/>\n\t<meta property=\"og:image:width\" content=\"1300\" \/>\n\t<meta property=\"og:image:height\" content=\"864\" \/>\n\t<meta property=\"og:image:type\" content=\"image\/jpeg\" \/>\n<meta name=\"twitter:card\" content=\"summary_large_image\" \/>\n<meta name=\"twitter:label1\" content=\"Est. reading time\" \/>\n\t<meta name=\"twitter:data1\" content=\"3 minutes\" \/>\n<script type=\"application\/ld+json\" class=\"yoast-schema-graph\">{\"@context\":\"https:\/\/schema.org\",\"@graph\":[{\"@type\":\"WebPage\",\"@id\":\"https:\/\/sud-corse.com\/en\/sud-corse-hotellerie-is-hiring\/\",\"url\":\"https:\/\/sud-corse.com\/en\/sud-corse-hotellerie-is-hiring\/\",\"name\":\"Sud Corse H\u00f4tellerie is hiring | Sud Corse H\u00f4tellerie, Santa Giulia\",\"isPartOf\":{\"@id\":\"https:\/\/sud-corse.com\/#website\"},\"primaryImageOfPage\":{\"@id\":\"https:\/\/sud-corse.com\/en\/sud-corse-hotellerie-is-hiring\/#primaryimage\"},\"image\":{\"@id\":\"https:\/\/sud-corse.com\/en\/sud-corse-hotellerie-is-hiring\/#primaryimage\"},\"thumbnailUrl\":\"https:\/\/www.sud-corse.com\/wp-content\/uploads\/2025\/09\/Ponton-Hotel-Moby-Dick-Santa-Giulia.jpg\",\"datePublished\":\"2025-09-22T13:10:18+00:00\",\"dateModified\":\"2025-10-27T09:01:44+00:00\",\"description\":\"Sud Corse H\u00f4tellerie is hiring in Santa Giulia! Join our teams in hospitality, restaurant, technical, or reception services.\",\"breadcrumb\":{\"@id\":\"https:\/\/sud-corse.com\/en\/sud-corse-hotellerie-is-hiring\/#breadcrumb\"},\"inLanguage\":\"en-US\",\"potentialAction\":[{\"@type\":\"ReadAction\",\"target\":[\"https:\/\/sud-corse.com\/en\/sud-corse-hotellerie-is-hiring\/\"]}]},{\"@type\":\"ImageObject\",\"inLanguage\":\"en-US\",\"@id\":\"https:\/\/sud-corse.com\/en\/sud-corse-hotellerie-is-hiring\/#primaryimage\",\"url\":\"https:\/\/www.sud-corse.com\/wp-content\/uploads\/2025\/09\/Ponton-Hotel-Moby-Dick-Santa-Giulia.jpg\",\"contentUrl\":\"https:\/\/www.sud-corse.com\/wp-content\/uploads\/2025\/09\/Ponton-Hotel-Moby-Dick-Santa-Giulia.jpg\",\"width\":1300,\"height\":864,\"caption\":\"Plage Santa Giulia ponton H\u00f4tel Moby Dick\"},{\"@type\":\"BreadcrumbList\",\"@id\":\"https:\/\/sud-corse.com\/en\/sud-corse-hotellerie-is-hiring\/#breadcrumb\",\"itemListElement\":[{\"@type\":\"ListItem\",\"position\":1,\"name\":\"Home\",\"item\":\"https:\/\/www.sud-corse.com\/en\/\"},{\"@type\":\"ListItem\",\"position\":2,\"name\":\"Sud Corse H\u00f4tellerie is hiring\"}]},{\"@type\":\"WebSite\",\"@id\":\"https:\/\/sud-corse.com\/#website\",\"url\":\"https:\/\/sud-corse.com\/\",\"name\":\"sch2\",\"description\":\"\",\"potentialAction\":[{\"@type\":\"SearchAction\",\"target\":{\"@type\":\"EntryPoint\",\"urlTemplate\":\"https:\/\/sud-corse.com\/?s={search_term_string}\"},\"query-input\":{\"@type\":\"PropertyValueSpecification\",\"valueRequired\":true,\"valueName\":\"search_term_string\"}}],\"inLanguage\":\"en-US\"}]}<\/script>\n<!-- \/ Yoast SEO plugin. -->","yoast_head_json":{"title":"Sud Corse H\u00f4tellerie is hiring | Sud Corse H\u00f4tellerie, Santa Giulia","description":"Sud Corse H\u00f4tellerie is hiring in Santa Giulia! Join our teams in hospitality, restaurant, technical, or reception services.","robots":{"index":"index","follow":"follow","max-snippet":"max-snippet:-1","max-image-preview":"max-image-preview:large","max-video-preview":"max-video-preview:-1"},"canonical":"https:\/\/sud-corse.com\/en\/sud-corse-hotellerie-is-hiring\/","og_locale":"en_US","og_type":"article","og_title":"Sud Corse H\u00f4tellerie is hiring | Sud Corse H\u00f4tellerie, Santa Giulia","og_description":"Sud Corse H\u00f4tellerie is hiring in Santa Giulia! Join our teams in hospitality, restaurant, technical, or reception services.","og_url":"https:\/\/sud-corse.com\/en\/sud-corse-hotellerie-is-hiring\/","og_site_name":"sud-corse.com","article_modified_time":"2025-10-27T09:01:44+00:00","og_image":[{"width":1300,"height":864,"url":"https:\/\/sud-corse.com\/wp-content\/uploads\/2025\/09\/Ponton-Hotel-Moby-Dick-Santa-Giulia.jpg","type":"image\/jpeg"}],"twitter_card":"summary_large_image","twitter_misc":{"Est. reading time":"3 minutes"},"schema":{"@context":"https:\/\/schema.org","@graph":[{"@type":"WebPage","@id":"https:\/\/sud-corse.com\/en\/sud-corse-hotellerie-is-hiring\/","url":"https:\/\/sud-corse.com\/en\/sud-corse-hotellerie-is-hiring\/","name":"Sud Corse H\u00f4tellerie is hiring | Sud Corse H\u00f4tellerie, Santa Giulia","isPartOf":{"@id":"https:\/\/sud-corse.com\/#website"},"primaryImageOfPage":{"@id":"https:\/\/sud-corse.com\/en\/sud-corse-hotellerie-is-hiring\/#primaryimage"},"image":{"@id":"https:\/\/sud-corse.com\/en\/sud-corse-hotellerie-is-hiring\/#primaryimage"},"thumbnailUrl":"https:\/\/www.sud-corse.com\/wp-content\/uploads\/2025\/09\/Ponton-Hotel-Moby-Dick-Santa-Giulia.jpg","datePublished":"2025-09-22T13:10:18+00:00","dateModified":"2025-10-27T09:01:44+00:00","description":"Sud Corse H\u00f4tellerie is hiring in Santa Giulia! Join our teams in hospitality, restaurant, technical, or reception services.","breadcrumb":{"@id":"https:\/\/sud-corse.com\/en\/sud-corse-hotellerie-is-hiring\/#breadcrumb"},"inLanguage":"en-US","potentialAction":[{"@type":"ReadAction","target":["https:\/\/sud-corse.com\/en\/sud-corse-hotellerie-is-hiring\/"]}]},{"@type":"ImageObject","inLanguage":"en-US","@id":"https:\/\/sud-corse.com\/en\/sud-corse-hotellerie-is-hiring\/#primaryimage","url":"https:\/\/www.sud-corse.com\/wp-content\/uploads\/2025\/09\/Ponton-Hotel-Moby-Dick-Santa-Giulia.jpg","contentUrl":"https:\/\/www.sud-corse.com\/wp-content\/uploads\/2025\/09\/Ponton-Hotel-Moby-Dick-Santa-Giulia.jpg","width":1300,"height":864,"caption":"Plage Santa Giulia ponton H\u00f4tel Moby Dick"},{"@type":"BreadcrumbList","@id":"https:\/\/sud-corse.com\/en\/sud-corse-hotellerie-is-hiring\/#breadcrumb","itemListElement":[{"@type":"ListItem","position":1,"name":"Home","item":"https:\/\/www.sud-corse.com\/en\/"},{"@type":"ListItem","position":2,"name":"Sud Corse H\u00f4tellerie is hiring"}]},{"@type":"WebSite","@id":"https:\/\/sud-corse.com\/#website","url":"https:\/\/sud-corse.com\/","name":"sch2","description":"","potentialAction":[{"@type":"SearchAction","target":{"@type":"EntryPoint","urlTemplate":"https:\/\/sud-corse.com\/?s={search_term_string}"},"query-input":{"@type":"PropertyValueSpecification","valueRequired":true,"valueName":"search_term_string"}}],"inLanguage":"en-US"}]}},"_links":{"self":[{"href":"https:\/\/www.sud-corse.com\/en\/wp-json\/wp\/v2\/pages\/2926","targetHints":{"allow":["GET"]}}],"collection":[{"href":"https:\/\/www.sud-corse.com\/en\/wp-json\/wp\/v2\/pages"}],"about":[{"href":"https:\/\/www.sud-corse.com\/en\/wp-json\/wp\/v2\/types\/page"}],"author":[{"embeddable":true,"href":"https:\/\/www.sud-corse.com\/en\/wp-json\/wp\/v2\/users\/2"}],"replies":[{"embeddable":true,"href":"https:\/\/www.sud-corse.com\/en\/wp-json\/wp\/v2\/comments?post=2926"}],"version-history":[{"count":12,"href":"https:\/\/www.sud-corse.com\/en\/wp-json\/wp\/v2\/pages\/2926\/revisions"}],"predecessor-version":[{"id":3903,"href":"https:\/\/www.sud-corse.com\/en\/wp-json\/wp\/v2\/pages\/2926\/revisions\/3903"}],"wp:featuredmedia":[{"embeddable":true,"href":"https:\/\/www.sud-corse.com\/en\/wp-json\/wp\/v2\/media\/2565"}],"wp:attachment":[{"href":"https:\/\/www.sud-corse.com\/en\/wp-json\/wp\/v2\/media?parent=2926"}],"curies":[{"name":"wp","href":"https:\/\/api.w.org\/{rel}","templated":true}]}}