{"id":2950,"date":"2025-07-11T15:52:27","date_gmt":"2025-07-11T13:52:27","guid":{"rendered":"https:\/\/sud-corse.com\/vos-seminaires-en-corse\/"},"modified":"2025-12-03T17:26:59","modified_gmt":"2025-12-03T16:26:59","slug":"meetings-in-corsica","status":"publish","type":"page","link":"https:\/\/www.sud-corse.com\/en\/meetings-in-corsica\/","title":{"rendered":"Your meetings in Corsica"},"content":{"rendered":"[vc_row type=&#8221;in_container&#8221; full_screen_row_position=&#8221;middle&#8221; column_margin=&#8221;default&#8221; column_direction=&#8221;default&#8221; column_direction_tablet=&#8221;default&#8221; column_direction_phone=&#8221;default&#8221; scene_position=&#8221;center&#8221; top_padding=&#8221;2%&#8221; text_color=&#8221;dark&#8221; text_align=&#8221;left&#8221; row_border_radius=&#8221;none&#8221; row_border_radius_applies=&#8221;bg&#8221; overflow=&#8221;visible&#8221; overlay_strength=&#8221;0.3&#8243; gradient_direction=&#8221;left_to_right&#8221; shape_divider_position=&#8221;bottom&#8221; bg_image_animation=&#8221;none&#8221; gradient_type=&#8221;default&#8221; shape_type=&#8221;&#8221;][vc_column column_padding=&#8221;no-extra-padding&#8221; column_padding_tablet=&#8221;inherit&#8221; column_padding_phone=&#8221;inherit&#8221; column_padding_position=&#8221;all&#8221; column_element_direction_desktop=&#8221;default&#8221; column_element_spacing=&#8221;default&#8221; desktop_text_alignment=&#8221;default&#8221; tablet_text_alignment=&#8221;default&#8221; phone_text_alignment=&#8221;default&#8221; background_color_opacity=&#8221;1&#8243; background_hover_color_opacity=&#8221;1&#8243; column_backdrop_filter=&#8221;none&#8221; column_shadow=&#8221;none&#8221; column_border_radius=&#8221;none&#8221; column_link_target=&#8221;_self&#8221; column_position=&#8221;default&#8221; gradient_direction=&#8221;left_to_right&#8221; overlay_strength=&#8221;0.3&#8243; width=&#8221;1\/3&#8243; tablet_width_inherit=&#8221;default&#8221; animation_type=&#8221;default&#8221; bg_image_animation=&#8221;none&#8221; border_type=&#8221;simple&#8221; column_border_width=&#8221;none&#8221; column_border_style=&#8221;solid&#8221;][vc_column_text css=&#8221;&#8221; text_direction=&#8221;default&#8221;]Working in an idyllic setting is possible by choosing Corsica! Santa Giulia is the perfect place to host all your events in Corsica.[\/vc_column_text][split_line_heading animation_type=&#8221;line-reveal-by-space&#8221; font_style=&#8221;h1&#8243; text_color=&#8221;#466d5c&#8221; font_size_min=&#8221;25px&#8221; font_size_max=&#8221;30px&#8221; line_reveal_by_space_text_effect=&#8221;default&#8221; content_alignment=&#8221;default&#8221; mobile_content_alignment=&#8221;inherit&#8221; link_target=&#8221;_self&#8221; text_content=&#8221;Your business trip:&#8221; font_size=&#8221;2vw&#8221; font_line_height=&#8221;1.4&#8243; text_direction=&#8221;default&#8221; el_class=&#8221;semi-bold&#8221;][\/split_line_heading]<div class=\"nectar-fancy-ul\" data-list-icon=\"fa fa-play\" data-animation=\"false\" data-animation-delay=\"0\" data-color=\"accent-color\" data-spacing=\"default\" data-alignment=\"left\"> \n<ul>\n<li>Work\/Corporate Seminar, Relaxation, or Team Building<\/li>\n<li>Motivational or Reward Incentive<\/li>\n<li>Congress or Conference<\/li>\n<li>Convention or Symposium<\/li>\n<li>Symposium or Trade Show<\/li>\n<li>Executive Committe<\/li>\n<li>Business lunch<\/li>\n<li>Full-day and half-day work sessions<\/li>\n<li>Event planning<\/li>\n<li>Show room<\/li>\n<li>Product launches<\/li>\n<\/ul>\n <\/div>[\/vc_column][vc_column column_padding=&#8221;no-extra-padding&#8221; column_padding_tablet=&#8221;inherit&#8221; column_padding_phone=&#8221;inherit&#8221; column_padding_position=&#8221;all&#8221; column_element_direction_desktop=&#8221;default&#8221; column_element_spacing=&#8221;default&#8221; desktop_text_alignment=&#8221;default&#8221; tablet_text_alignment=&#8221;default&#8221; phone_text_alignment=&#8221;default&#8221; background_color_opacity=&#8221;1&#8243; background_hover_color_opacity=&#8221;1&#8243; background_image=&#8221;1423&#8243; background_image_position=&#8221;center center&#8221; background_image_stacking=&#8221;default&#8221; enable_bg_scale=&#8221;true&#8221; background_image_loading=&#8221;default&#8221; column_backdrop_filter=&#8221;none&#8221; column_shadow=&#8221;none&#8221; column_border_radius=&#8221;none&#8221; column_link_target=&#8221;_self&#8221; column_position=&#8221;default&#8221; gradient_direction=&#8221;left_to_right&#8221; overlay_strength=&#8221;0.3&#8243; width=&#8221;2\/3&#8243; tablet_width_inherit=&#8221;default&#8221; animation_type=&#8221;default&#8221; bg_image_animation=&#8221;none&#8221; border_type=&#8221;simple&#8221; column_border_width=&#8221;none&#8221; column_border_style=&#8221;solid&#8221; column_padding_type=&#8221;default&#8221; gradient_type=&#8221;default&#8221;][divider line_type=&#8221;No Line&#8221; custom_height=&#8221;550px&#8221;][\/vc_column][\/vc_row][vc_row type=&#8221;in_container&#8221; full_screen_row_position=&#8221;middle&#8221; column_margin=&#8221;default&#8221; column_direction=&#8221;default&#8221; column_direction_tablet=&#8221;default&#8221; column_direction_phone=&#8221;default&#8221; scene_position=&#8221;center&#8221; text_color=&#8221;dark&#8221; text_align=&#8221;left&#8221; row_border_radius=&#8221;none&#8221; row_border_radius_applies=&#8221;bg&#8221; overflow=&#8221;visible&#8221; overlay_strength=&#8221;0.3&#8243; gradient_direction=&#8221;left_to_right&#8221; shape_divider_position=&#8221;bottom&#8221; bg_image_animation=&#8221;none&#8221;][vc_column column_padding=&#8221;no-extra-padding&#8221; column_padding_tablet=&#8221;inherit&#8221; column_padding_phone=&#8221;inherit&#8221; column_padding_position=&#8221;all&#8221; column_element_direction_desktop=&#8221;default&#8221; column_element_spacing=&#8221;default&#8221; desktop_text_alignment=&#8221;default&#8221; tablet_text_alignment=&#8221;default&#8221; phone_text_alignment=&#8221;default&#8221; background_color_opacity=&#8221;1&#8243; background_hover_color_opacity=&#8221;1&#8243; column_backdrop_filter=&#8221;none&#8221; column_shadow=&#8221;none&#8221; column_border_radius=&#8221;none&#8221; column_link_target=&#8221;_self&#8221; column_position=&#8221;default&#8221; gradient_direction=&#8221;left_to_right&#8221; overlay_strength=&#8221;0.3&#8243; width=&#8221;1\/1&#8243; tablet_width_inherit=&#8221;default&#8221; animation_type=&#8221;default&#8221; bg_image_animation=&#8221;none&#8221; border_type=&#8221;simple&#8221; column_border_width=&#8221;none&#8221; column_border_style=&#8221;solid&#8221;][vc_column_text css=&#8221;&#8221; text_direction=&#8221;default&#8221;]To meet your needs, we offer turnkey stays or tailor-made trips adapted to your group.<\/p>\n<p>Make your next highlight an unforgettable moment, because your events in Santa Giulia take on a whole new dimension!<\/p>\n<p>You can easily combine work, sports activities, and cultural discoveries.<\/p>\n<p>Our team is at your disposal to assist you in organizing your event in Santa Giulia. We will guide you through the process and work with you to define the event\u2019s specifications, so we can design the seminar that best meets your requirements.<\/p>\n<p>You have a project, we have the solution![\/vc_column_text][split_line_heading animation_type=&#8221;line-reveal-by-space&#8221; font_style=&#8221;p&#8221; text_color=&#8221;#000000&#8243; font_size_min=&#8221;18px&#8221; font_size_max=&#8221;20px&#8221; line_reveal_by_space_text_effect=&#8221;default&#8221; content_alignment=&#8221;default&#8221; mobile_content_alignment=&#8221;inherit&#8221; link_target=&#8221;_self&#8221; text_content=&#8221;Our services:&#8221; font_size=&#8221;2vw&#8221; text_direction=&#8221;default&#8221;][\/split_line_heading]<div class=\"nectar-fancy-ul\" data-list-icon=\"fa fa-play\" data-animation=\"false\" data-animation-delay=\"0\" data-color=\"accent-color\" data-spacing=\"default\" data-alignment=\"left\"> \n<ul>\n<li><a href=\"#journee\">Workday<\/a><\/li>\n<li><a href=\"#building-santa-gulia\">Team Building in Santa Giulia<\/a><\/li>\n<li><a href=\"#seminaires\">Seminars and Incentives<\/a><\/li>\n<li><a href=\"#evenements\">Event<\/a><\/li>\n<\/ul>\n <\/div>[vc_column_text css=&#8221;&#8221; text_direction=&#8221;default&#8221;]\n<div id=\"journee\"><strong>Workday<\/strong><br \/>\nStudy day or half-study day:<br \/>\nIdeal for gathering and motivating your staff, maintaining and developing your business relationships.<br \/>\nTraining day in Santa Giulia:<br \/>\nTraining sessions help employees prepare effectively and grow into new responsibilities and work opportunities, which in turn helps the company progress. Trainings are among the products and services you can offer if you have useful and valuable knowledge to share. They also help trainers gain credibility and legitimacy.<br \/>\nA study day is a type of corporate seminar focused on a specific topic, allowing participants to get straight to the point. This kind of event is more cost-effective than a traditional seminar because it requires less organization and logistics. You can rent the seminar room at the Moby Dick Hotel for a full or half day. The room can accommodate up to 25-30 people and is equipped with basic materials (projection screen, overhead projector, flip chart, and Wi-Fi). The space can also be privatized for executive committees, boards of directors, and similar meetings.<br \/>\nOur restaurant on the beach at Santa Giulia can also take care of your culinary breaks with options for lunch, beverage packages, and coffee breaks.<\/div>\n[\/vc_column_text][vc_column_text css=&#8221;&#8221; text_direction=&#8221;default&#8221;]\n<div id=\"building-santa-gulia\"><strong>Team Building in Santa Giulia<\/strong><br \/>\n<em>Motivate your teams:<\/em><br \/>\nTo boost your teams\u2019 collective performance, strengthen bonds, or reward your employees, we offer a range of leisure activities, sports, and discovery experiences on the sea, on land, or in white water.<br \/>\nSome events give company staff the opportunity to work in a more relaxed atmosphere and share leisure moments with colleagues, helping to build stronger connections.<br \/>\nThese events also reward the dedication of certain teams involved in a key project for the company. <em>Corporate gift.<\/em><br \/>\nIf you want to give your employees an original gift, offer them a weekend with their feet in the water at one of our hotels in the heart of the stunning Santa Giulia estate!<\/div>\n[\/vc_column_text][vc_column_text css=&#8221;&#8221; text_direction=&#8221;default&#8221;]\n<div id=\"seminaires\"><strong>S\u00e9minars and incentives<\/strong><br \/>\nSeminars and incentives: meet, share, learn \u2014 we have the keys to organize your event.Work MeetingsThey are a key event in a company\u2019s performance: discussing, exchanging ideas, and developing projects in a suitable and calm environment helps move conversations forward.<br \/>\nIncentives:Organize this event to motivate your employees, partners, and clients to improve your company\u2019s business results, energize your sales forces and networks, and strengthen your marketing efforts. S\u00e9minars at Santa Giulia:Become the leader who knows how to guide and encourage their teams. These intense work sessions take place over several stages and days, so it is essential to include breaks for relaxation and activities.<br \/>\nMoreover, the atmosphere and d\u00e9cor should create harmony and inspire the participants. Our team is here to listen to all your suggestions and special requests. A successful seminar must be high-quality, combining comfort with a productive working environment.<\/p>\n<\/div>\n[\/vc_column_text][vc_column_text css=&#8221;&#8221; text_direction=&#8221;default&#8221;]\n<div id=\"evenements\"><strong>Events<\/strong><br \/>\n<em>Filming and photo shoots :<\/em><br \/>\nBrands and major companies will appreciate the idyllic setting of Santa Giulia Bay. Turquoise waters, white sand, and a large pier set the perfect scene\u2026 all that\u2019s missing is your personal touch! Cocktails : Recevez vos collaborateurs, prestataires ou encore vos amis avec classe pour d\u00e9guster, boire et discuter dans une ambiance d\u00e9tendue, et faites-en un \u00e9v\u00e8nement m\u00e9morable.<br \/>\nNos propositions de finger-buffet vous s\u00e9duirons par leur originalit\u00e9, leur diversit\u00e9 et leur qualit\u00e9. Une mani\u00e8re originale de recevoir vos convives ! Event: Able to adapt to every type of event, we offer personalized services while respecting your budget. Whether clients, partners, or friends, your guests become our priority.<br \/>\nProduct launches, customer loyalty events, employee or client motivation, conventions, and more \u2014 your event\u2019s communication gathers journalists and potential clients in one place to showcase new products or an entire range.<br \/>\nTo ensure your event is perfect, Oasis offers boho-chic themed ceremonies on the beach at Santa Giulia. With your feet in the sand, say \u201cI do\u201d under a flowered arch, overlooking the stunning Santa Giulia Bay. In this magical setting, we provide refined catering, an open bar, and music tailored to your preferences. The menu includes two workshop options, hot and cold bites, as well as desserts.<br \/>\nTo make your day truly unique, we offer various packages for aperitifs, dinners, and the flow and organization of your evening \u2014 so you can create the wedding of your dreams!<\/div>\n[\/vc_column_text][\/vc_column][\/vc_row]\n","protected":false},"excerpt":{"rendered":"<p>[vc_row type=&#8221;in_container&#8221; full_screen_row_position=&#8221;middle&#8221; column_margin=&#8221;default&#8221; column_direction=&#8221;default&#8221; column_direction_tablet=&#8221;default&#8221; column_direction_phone=&#8221;default&#8221; scene_position=&#8221;center&#8221; top_padding=&#8221;2%&#8221; text_color=&#8221;dark&#8221; text_align=&#8221;left&#8221; row_border_radius=&#8221;none&#8221; row_border_radius_applies=&#8221;bg&#8221; overflow=&#8221;visible&#8221; overlay_strength=&#8221;0.3&#8243; gradient_direction=&#8221;left_to_right&#8221; shape_divider_position=&#8221;bottom&#8221; bg_image_animation=&#8221;none&#8221; gradient_type=&#8221;default&#8221; shape_type=&#8221;&#8221;][vc_column column_padding=&#8221;no-extra-padding&#8221; column_padding_tablet=&#8221;inherit&#8221; column_padding_phone=&#8221;inherit&#8221; column_padding_position=&#8221;all&#8221; column_element_direction_desktop=&#8221;default&#8221; column_element_spacing=&#8221;default&#8221; desktop_text_alignment=&#8221;default&#8221; tablet_text_alignment=&#8221;default&#8221; phone_text_alignment=&#8221;default&#8221; background_color_opacity=&#8221;1&#8243;&#8230;<\/p>\n","protected":false},"author":1,"featured_media":2559,"parent":0,"menu_order":0,"comment_status":"closed","ping_status":"closed","template":"","meta":{"_acf_changed":false,"inline_featured_image":false,"footnotes":""},"class_list":["post-2950","page","type-page","status-publish","has-post-thumbnail"],"acf":[],"yoast_head":"<!-- This site is optimized with the Yoast SEO plugin v26.4 - https:\/\/yoast.com\/wordpress\/plugins\/seo\/ -->\n<title>Your seminars in Corsica | Sud Corse H\u00f4tellerie Santa Giulia<\/title>\n<meta name=\"description\" content=\"Organize your seminar in Corsica at Santa Giulia: an idyllic setting for all your corporate events.\" \/>\n<meta name=\"robots\" content=\"index, follow, max-snippet:-1, max-image-preview:large, max-video-preview:-1\" \/>\n<link rel=\"canonical\" href=\"https:\/\/www.sud-corse.com\/en\/meetings-in-corsica\/\" \/>\n<meta property=\"og:locale\" content=\"en_US\" \/>\n<meta property=\"og:type\" content=\"article\" \/>\n<meta property=\"og:title\" content=\"Your seminars in Corsica | Sud Corse H\u00f4tellerie Santa Giulia\" \/>\n<meta property=\"og:description\" content=\"Organize your seminar in Corsica at Santa Giulia: an idyllic setting for all your corporate events.\" \/>\n<meta property=\"og:url\" content=\"https:\/\/www.sud-corse.com\/en\/meetings-in-corsica\/\" \/>\n<meta property=\"og:site_name\" content=\"sud-corse.com\" \/>\n<meta property=\"article:modified_time\" content=\"2025-12-03T16:26:59+00:00\" \/>\n<meta property=\"og:image\" content=\"https:\/\/www.sud-corse.com\/wp-content\/uploads\/2025\/09\/hotel-Moby-Dick-Santa-Giulia-Porto-Vecchio-plage.jpg\" \/>\n\t<meta property=\"og:image:width\" content=\"1300\" \/>\n\t<meta property=\"og:image:height\" content=\"864\" \/>\n\t<meta property=\"og:image:type\" content=\"image\/jpeg\" \/>\n<meta name=\"twitter:card\" content=\"summary_large_image\" \/>\n<meta name=\"twitter:label1\" content=\"Est. reading time\" \/>\n\t<meta name=\"twitter:data1\" content=\"5 minutes\" \/>\n<script type=\"application\/ld+json\" class=\"yoast-schema-graph\">{\"@context\":\"https:\/\/schema.org\",\"@graph\":[{\"@type\":\"WebPage\",\"@id\":\"https:\/\/www.sud-corse.com\/en\/meetings-in-corsica\/\",\"url\":\"https:\/\/www.sud-corse.com\/en\/meetings-in-corsica\/\",\"name\":\"Your seminars in Corsica | Sud Corse H\u00f4tellerie Santa Giulia\",\"isPartOf\":{\"@id\":\"https:\/\/sud-corse.com\/#website\"},\"primaryImageOfPage\":{\"@id\":\"https:\/\/www.sud-corse.com\/en\/meetings-in-corsica\/#primaryimage\"},\"image\":{\"@id\":\"https:\/\/www.sud-corse.com\/en\/meetings-in-corsica\/#primaryimage\"},\"thumbnailUrl\":\"https:\/\/www.sud-corse.com\/wp-content\/uploads\/2025\/09\/hotel-Moby-Dick-Santa-Giulia-Porto-Vecchio-plage.jpg\",\"datePublished\":\"2025-07-11T13:52:27+00:00\",\"dateModified\":\"2025-12-03T16:26:59+00:00\",\"description\":\"Organize your seminar in Corsica at Santa Giulia: an idyllic setting for all your corporate events.\",\"breadcrumb\":{\"@id\":\"https:\/\/www.sud-corse.com\/en\/meetings-in-corsica\/#breadcrumb\"},\"inLanguage\":\"en-US\",\"potentialAction\":[{\"@type\":\"ReadAction\",\"target\":[\"https:\/\/www.sud-corse.com\/en\/meetings-in-corsica\/\"]}]},{\"@type\":\"ImageObject\",\"inLanguage\":\"en-US\",\"@id\":\"https:\/\/www.sud-corse.com\/en\/meetings-in-corsica\/#primaryimage\",\"url\":\"https:\/\/www.sud-corse.com\/wp-content\/uploads\/2025\/09\/hotel-Moby-Dick-Santa-Giulia-Porto-Vecchio-plage.jpg\",\"contentUrl\":\"https:\/\/www.sud-corse.com\/wp-content\/uploads\/2025\/09\/hotel-Moby-Dick-Santa-Giulia-Porto-Vecchio-plage.jpg\",\"width\":1300,\"height\":864,\"caption\":\"H\u00f4tel Moby Dick Santa Giulia Porto Vecchio ponton plage\"},{\"@type\":\"BreadcrumbList\",\"@id\":\"https:\/\/www.sud-corse.com\/en\/meetings-in-corsica\/#breadcrumb\",\"itemListElement\":[{\"@type\":\"ListItem\",\"position\":1,\"name\":\"Home\",\"item\":\"https:\/\/www.sud-corse.com\/en\/\"},{\"@type\":\"ListItem\",\"position\":2,\"name\":\"Your meetings in Corsica\"}]},{\"@type\":\"WebSite\",\"@id\":\"https:\/\/sud-corse.com\/#website\",\"url\":\"https:\/\/sud-corse.com\/\",\"name\":\"sch2\",\"description\":\"\",\"potentialAction\":[{\"@type\":\"SearchAction\",\"target\":{\"@type\":\"EntryPoint\",\"urlTemplate\":\"https:\/\/sud-corse.com\/?s={search_term_string}\"},\"query-input\":{\"@type\":\"PropertyValueSpecification\",\"valueRequired\":true,\"valueName\":\"search_term_string\"}}],\"inLanguage\":\"en-US\"}]}<\/script>\n<!-- \/ Yoast SEO plugin. -->","yoast_head_json":{"title":"Your seminars in Corsica | Sud Corse H\u00f4tellerie Santa Giulia","description":"Organize your seminar in Corsica at Santa Giulia: an idyllic setting for all your corporate events.","robots":{"index":"index","follow":"follow","max-snippet":"max-snippet:-1","max-image-preview":"max-image-preview:large","max-video-preview":"max-video-preview:-1"},"canonical":"https:\/\/www.sud-corse.com\/en\/meetings-in-corsica\/","og_locale":"en_US","og_type":"article","og_title":"Your seminars in Corsica | Sud Corse H\u00f4tellerie Santa Giulia","og_description":"Organize your seminar in Corsica at Santa Giulia: an idyllic setting for all your corporate events.","og_url":"https:\/\/www.sud-corse.com\/en\/meetings-in-corsica\/","og_site_name":"sud-corse.com","article_modified_time":"2025-12-03T16:26:59+00:00","og_image":[{"width":1300,"height":864,"url":"https:\/\/www.sud-corse.com\/wp-content\/uploads\/2025\/09\/hotel-Moby-Dick-Santa-Giulia-Porto-Vecchio-plage.jpg","type":"image\/jpeg"}],"twitter_card":"summary_large_image","twitter_misc":{"Est. reading time":"5 minutes"},"schema":{"@context":"https:\/\/schema.org","@graph":[{"@type":"WebPage","@id":"https:\/\/www.sud-corse.com\/en\/meetings-in-corsica\/","url":"https:\/\/www.sud-corse.com\/en\/meetings-in-corsica\/","name":"Your seminars in Corsica | Sud Corse H\u00f4tellerie Santa Giulia","isPartOf":{"@id":"https:\/\/sud-corse.com\/#website"},"primaryImageOfPage":{"@id":"https:\/\/www.sud-corse.com\/en\/meetings-in-corsica\/#primaryimage"},"image":{"@id":"https:\/\/www.sud-corse.com\/en\/meetings-in-corsica\/#primaryimage"},"thumbnailUrl":"https:\/\/www.sud-corse.com\/wp-content\/uploads\/2025\/09\/hotel-Moby-Dick-Santa-Giulia-Porto-Vecchio-plage.jpg","datePublished":"2025-07-11T13:52:27+00:00","dateModified":"2025-12-03T16:26:59+00:00","description":"Organize your seminar in Corsica at Santa Giulia: an idyllic setting for all your corporate events.","breadcrumb":{"@id":"https:\/\/www.sud-corse.com\/en\/meetings-in-corsica\/#breadcrumb"},"inLanguage":"en-US","potentialAction":[{"@type":"ReadAction","target":["https:\/\/www.sud-corse.com\/en\/meetings-in-corsica\/"]}]},{"@type":"ImageObject","inLanguage":"en-US","@id":"https:\/\/www.sud-corse.com\/en\/meetings-in-corsica\/#primaryimage","url":"https:\/\/www.sud-corse.com\/wp-content\/uploads\/2025\/09\/hotel-Moby-Dick-Santa-Giulia-Porto-Vecchio-plage.jpg","contentUrl":"https:\/\/www.sud-corse.com\/wp-content\/uploads\/2025\/09\/hotel-Moby-Dick-Santa-Giulia-Porto-Vecchio-plage.jpg","width":1300,"height":864,"caption":"H\u00f4tel Moby Dick Santa Giulia Porto Vecchio ponton plage"},{"@type":"BreadcrumbList","@id":"https:\/\/www.sud-corse.com\/en\/meetings-in-corsica\/#breadcrumb","itemListElement":[{"@type":"ListItem","position":1,"name":"Home","item":"https:\/\/www.sud-corse.com\/en\/"},{"@type":"ListItem","position":2,"name":"Your meetings in Corsica"}]},{"@type":"WebSite","@id":"https:\/\/sud-corse.com\/#website","url":"https:\/\/sud-corse.com\/","name":"sch2","description":"","potentialAction":[{"@type":"SearchAction","target":{"@type":"EntryPoint","urlTemplate":"https:\/\/sud-corse.com\/?s={search_term_string}"},"query-input":{"@type":"PropertyValueSpecification","valueRequired":true,"valueName":"search_term_string"}}],"inLanguage":"en-US"}]}},"_links":{"self":[{"href":"https:\/\/www.sud-corse.com\/en\/wp-json\/wp\/v2\/pages\/2950","targetHints":{"allow":["GET"]}}],"collection":[{"href":"https:\/\/www.sud-corse.com\/en\/wp-json\/wp\/v2\/pages"}],"about":[{"href":"https:\/\/www.sud-corse.com\/en\/wp-json\/wp\/v2\/types\/page"}],"author":[{"embeddable":true,"href":"https:\/\/www.sud-corse.com\/en\/wp-json\/wp\/v2\/users\/1"}],"replies":[{"embeddable":true,"href":"https:\/\/www.sud-corse.com\/en\/wp-json\/wp\/v2\/comments?post=2950"}],"version-history":[{"count":13,"href":"https:\/\/www.sud-corse.com\/en\/wp-json\/wp\/v2\/pages\/2950\/revisions"}],"predecessor-version":[{"id":4840,"href":"https:\/\/www.sud-corse.com\/en\/wp-json\/wp\/v2\/pages\/2950\/revisions\/4840"}],"wp:featuredmedia":[{"embeddable":true,"href":"https:\/\/www.sud-corse.com\/en\/wp-json\/wp\/v2\/media\/2559"}],"wp:attachment":[{"href":"https:\/\/www.sud-corse.com\/en\/wp-json\/wp\/v2\/media?parent=2950"}],"curies":[{"name":"wp","href":"https:\/\/api.w.org\/{rel}","templated":true}]}}