{"id":3281,"date":"2025-10-02T17:10:07","date_gmt":"2025-10-02T15:10:07","guid":{"rendered":"https:\/\/sud-corse.com\/virginie-remillieux\/"},"modified":"2025-10-28T09:59:45","modified_gmt":"2025-10-28T08:59:45","slug":"virginie-remillieux","status":"publish","type":"page","link":"https:\/\/www.sud-corse.com\/it\/larte-al-cuore-del-nostro-hotel-a-porto-vecchio\/virginie-remillieux\/","title":{"rendered":"Virginie Remillieux"},"content":{"rendered":"[vc_row type=&#8221;in_container&#8221; full_screen_row_position=&#8221;middle&#8221; column_margin=&#8221;default&#8221; column_direction=&#8221;default&#8221; column_direction_tablet=&#8221;default&#8221; column_direction_phone=&#8221;default&#8221; scene_position=&#8221;center&#8221; text_color=&#8221;dark&#8221; text_align=&#8221;left&#8221; row_border_radius=&#8221;none&#8221; row_border_radius_applies=&#8221;bg&#8221; overflow=&#8221;visible&#8221; overlay_strength=&#8221;0.3&#8243; gradient_direction=&#8221;left_to_right&#8221; shape_divider_position=&#8221;bottom&#8221; bg_image_animation=&#8221;none&#8221;][vc_column column_padding=&#8221;no-extra-padding&#8221; column_padding_tablet=&#8221;inherit&#8221; column_padding_phone=&#8221;inherit&#8221; column_padding_position=&#8221;all&#8221; column_element_direction_desktop=&#8221;default&#8221; column_element_spacing=&#8221;default&#8221; desktop_text_alignment=&#8221;default&#8221; tablet_text_alignment=&#8221;default&#8221; phone_text_alignment=&#8221;default&#8221; background_color_opacity=&#8221;1&#8243; background_hover_color_opacity=&#8221;1&#8243; column_backdrop_filter=&#8221;none&#8221; column_shadow=&#8221;none&#8221; column_border_radius=&#8221;none&#8221; column_link_target=&#8221;_self&#8221; column_position=&#8221;default&#8221; gradient_direction=&#8221;left_to_right&#8221; overlay_strength=&#8221;0.3&#8243; width=&#8221;1\/1&#8243; tablet_width_inherit=&#8221;default&#8221; animation_type=&#8221;default&#8221; bg_image_animation=&#8221;none&#8221; border_type=&#8221;simple&#8221; column_border_width=&#8221;none&#8221; column_border_style=&#8221;solid&#8221;][divider line_type=&#8221;No Line&#8221;][split_line_heading animation_type=&#8221;line-reveal-by-space&#8221; font_style=&#8221;h1&#8243; text_color=&#8221;#466d5c&#8221; line_reveal_by_space_text_effect=&#8221;default&#8221; content_alignment=&#8221;default&#8221; mobile_content_alignment=&#8221;inherit&#8221; link_target=&#8221;_self&#8221; text_content=&#8221;Virginie Remillieux &#8221; text_direction=&#8221;default&#8221;][\/split_line_heading][split_line_heading animation_type=&#8221;line-reveal-by-space&#8221; font_style=&#8221;h2&#8243; text_color=&#8221;#466d5c&#8221; font_size_min=&#8221;15px&#8221; font_size_max=&#8221;25px&#8221; line_reveal_by_space_text_effect=&#8221;none&#8221; content_alignment=&#8221;default&#8221; mobile_content_alignment=&#8221;inherit&#8221; link_target=&#8221;_self&#8221; text_content=&#8221;Un\u2019esplorazione poetica del colore e delle forme&#8221; font_size=&#8221;2vw&#8221; font_line_height=&#8221;1.4&#8243; text_direction=&#8221;default&#8221; el_class=&#8221;semi-bold&#8221;][\/split_line_heading][vc_column_text css=&#8221;&#8221; text_direction=&#8221;default&#8221;]\n<header><\/header>\n<div class=\"entry-content\">\n<p><strong>Virginie Remillieux<\/strong>, nata nel 1968 in Francia, \u00e8 un\u2019artista contemporanea rinomata per i suoi dipinti che esplorano le interazioni tra colori, forme e profondit\u00e0. Laureata all\u2019Accademia di Belle Arti di Saint-\u00c9tienne, Virginie ha costruito una carriera segnata da una ricerca incessante della bellezza attraverso la sovrapposizione e la copertura dei colori. <\/p>\n<\/div>\n[\/vc_column_text][split_line_heading animation_type=&#8221;line-reveal-by-space&#8221; font_style=&#8221;h2&#8243; text_color=&#8221;#466d5c&#8221; font_size_min=&#8221;15px&#8221; font_size_max=&#8221;25px&#8221; line_reveal_by_space_text_effect=&#8221;none&#8221; content_alignment=&#8221;default&#8221; mobile_content_alignment=&#8221;inherit&#8221; link_target=&#8221;_self&#8221; text_content=&#8221;Stile e Tecniche&#8221; font_size=&#8221;2vw&#8221; font_line_height=&#8221;1.4&#8243; text_direction=&#8221;default&#8221; el_class=&#8221;semi-bold&#8221;][\/split_line_heading][vc_column_text css=&#8221;&#8221; text_direction=&#8221;default&#8221;]\n<header><\/header>\n<div class=\"entry-content\">\n<p>Le opere di Virginie Remillieux oscillano tra il figurativo e il geometrico. Crea tele in cui si intrecciano giochi di sovrapposizioni colorate, figure e coperture con strati di blu che cancellano o fanno emergere forme ed esseri. Le sue tele catturano lo sguardo con movimenti, vibrazioni e battiti che evocano elementi naturali come l\u2019acqua e il vento. Questo approccio rende ogni tela viva, navigando costantemente tra il reale e l\u2019astratto, tra la presenza e la scomparsa.   <\/p>\n<\/div>\n[\/vc_column_text][split_line_heading animation_type=&#8221;line-reveal-by-space&#8221; font_style=&#8221;h2&#8243; text_color=&#8221;#466d5c&#8221; font_size_min=&#8221;15px&#8221; font_size_max=&#8221;25px&#8221; line_reveal_by_space_text_effect=&#8221;none&#8221; content_alignment=&#8221;default&#8221; mobile_content_alignment=&#8221;inherit&#8221; link_target=&#8221;_self&#8221; text_content=&#8221;Temi e Opere&#8221; font_size=&#8221;2vw&#8221; font_line_height=&#8221;1.4&#8243; text_direction=&#8221;default&#8221; el_class=&#8221;semi-bold&#8221;][\/split_line_heading][vc_column_text css=&#8221;&#8221; text_direction=&#8221;default&#8221;]\n<header><\/header>\n<div class=\"entry-content\">\n<p>L\u2019opera di Virginie Remillieux \u00e8 un\u2019esplorazione poetica e visiva. Cerca di rappresentare il corpo umano come un\u2019impronta, una traccia di una presenza assente. Nel corso delle sue creazioni, il corpo si dissolve, diventa trasparente, quasi liquido, evocando una mutazione permanente. Questo approccio artistico mira a creare opere che sono al contempo poemi visivi e pezzi pittorici, invitando lo spettatore a una contemplazione profonda e introspettiva. Nel <a href=\"https:\/\/www.sud-corse.com\/lart-au-coeur-de-notre-hotel\/\" data-type=\"URL\" data-id=\"https:\/\/www.sud-corse.com\/lart-au-coeur-de-notre-hotel\/\">Sud Corse<\/a>, potete ammirare magnifici ritratti di Maryline sui muri <a href=\"https:\/\/www.sud-corse.com\/residence\/lodges-moby-dick\/\" data-type=\"URL\" data-id=\"https:\/\/www.sud-corse.com\/residence\/lodges-moby-dick\/\"> dei lodge\u2026<\/a>    <\/p>\n<\/div>\n[\/vc_column_text][split_line_heading animation_type=&#8221;line-reveal-by-space&#8221; font_style=&#8221;h2&#8243; text_color=&#8221;#466d5c&#8221; font_size_min=&#8221;15px&#8221; font_size_max=&#8221;25px&#8221; line_reveal_by_space_text_effect=&#8221;none&#8221; content_alignment=&#8221;default&#8221; mobile_content_alignment=&#8221;inherit&#8221; link_target=&#8221;_self&#8221; text_content=&#8221;Mostre e Riconoscimenti&#8221; font_size=&#8221;2vw&#8221; font_line_height=&#8221;1.4&#8243; text_direction=&#8221;default&#8221; el_class=&#8221;semi-bold&#8221;][\/split_line_heading][vc_column_text css=&#8221;&#8221; text_direction=&#8221;default&#8221;]\n<header><\/header>\n<div class=\"entry-content\">\n<p>Virginie Remillieux ha esposto le sue opere in numerose gallerie ed eventi artistici, in particolare alla Galerie Art Pluriel Rive Droite a Saint-\u00c9tienne, dove ha presentato mostre personali e collettive. Il suo lavoro \u00e8 stato apprezzato per la capacit\u00e0 di catturare ed esprimere emozioni complesse attraverso composizioni artistiche innovative. <\/p>\n<\/div>\n[\/vc_column_text][split_line_heading animation_type=&#8221;line-reveal-by-space&#8221; font_style=&#8221;h2&#8243; text_color=&#8221;#466d5c&#8221; font_size_min=&#8221;15px&#8221; font_size_max=&#8221;25px&#8221; line_reveal_by_space_text_effect=&#8221;none&#8221; content_alignment=&#8221;default&#8221; mobile_content_alignment=&#8221;inherit&#8221; link_target=&#8221;_self&#8221; text_content=&#8221;Influenza ed Eredit\u00e0&#8221; font_size=&#8221;2vw&#8221; font_line_height=&#8221;1.4&#8243; text_direction=&#8221;default&#8221; el_class=&#8221;semi-bold&#8221;][\/split_line_heading][vc_column_text css=&#8221;&#8221; text_direction=&#8221;default&#8221;]\n<header><\/header>\n<div class=\"entry-content\">\n<p>Virginie Remillieux continua a influenzare la scena artistica contemporanea con le sue creazioni uniche e le sue continue esplorazioni di forme e colori. Le sue opere, oltre a essere esteticamente piacevoli, offrono anche una riflessione sulla natura della percezione e della realt\u00e0, rendendo il suo arte sia accessibile che profondamente significativa. <\/p>\n<p>Pour en savoir plus sur Virginie Remillieux et d\u00e9couvrir ses \u0153uvres, vous pouvez <a href=\"https:\/\/virginie-remillieux.jimdofree.com\/\" data-type=\"URL\" data-id=\"https:\/\/virginie-remillieux.jimdofree.com\/\">visiter son site.<\/a><\/p>\n<\/div>\n[\/vc_column_text][\/vc_column][\/vc_row][vc_row type=&#8221;in_container&#8221; full_screen_row_position=&#8221;middle&#8221; column_margin=&#8221;default&#8221; column_direction=&#8221;default&#8221; column_direction_tablet=&#8221;default&#8221; column_direction_phone=&#8221;default&#8221; scene_position=&#8221;center&#8221; text_color=&#8221;dark&#8221; text_align=&#8221;left&#8221; row_border_radius=&#8221;none&#8221; row_border_radius_applies=&#8221;bg&#8221; overflow=&#8221;visible&#8221; overlay_strength=&#8221;0.3&#8243; gradient_direction=&#8221;left_to_right&#8221; shape_divider_position=&#8221;bottom&#8221; bg_image_animation=&#8221;none&#8221;][vc_column column_padding=&#8221;no-extra-padding&#8221; column_padding_tablet=&#8221;inherit&#8221; column_padding_phone=&#8221;inherit&#8221; column_padding_position=&#8221;all&#8221; column_element_direction_desktop=&#8221;default&#8221; column_element_spacing=&#8221;default&#8221; desktop_text_alignment=&#8221;default&#8221; tablet_text_alignment=&#8221;default&#8221; phone_text_alignment=&#8221;default&#8221; background_color_opacity=&#8221;1&#8243; background_hover_color_opacity=&#8221;1&#8243; column_backdrop_filter=&#8221;none&#8221; column_shadow=&#8221;none&#8221; column_border_radius=&#8221;none&#8221; column_link_target=&#8221;_self&#8221; column_position=&#8221;default&#8221; gradient_direction=&#8221;left_to_right&#8221; overlay_strength=&#8221;0.3&#8243; width=&#8221;1\/1&#8243; tablet_width_inherit=&#8221;default&#8221; animation_type=&#8221;default&#8221; bg_image_animation=&#8221;none&#8221; border_type=&#8221;simple&#8221; column_border_width=&#8221;none&#8221; column_border_style=&#8221;solid&#8221;][image_with_animation image_url=&#8221;2298&#8243; image_size=&#8221;medium&#8221; animation_type=&#8221;entrance&#8221; animation=&#8221;None&#8221; animation_movement_type=&#8221;transform_y&#8221; hover_animation=&#8221;none&#8221; alignment=&#8221;&#8221; border_radius=&#8221;none&#8221; box_shadow=&#8221;none&#8221; image_loading=&#8221;default&#8221; max_width=&#8221;100%&#8221; max_width_mobile=&#8221;default&#8221;][vc_column_text css=&#8221;&#8221; text_direction=&#8221;default&#8221;]Opera di Virginie Remillieux[\/vc_column_text][\/vc_column][\/vc_row][vc_row type=&#8221;in_container&#8221; full_screen_row_position=&#8221;middle&#8221; column_margin=&#8221;default&#8221; column_direction=&#8221;default&#8221; column_direction_tablet=&#8221;default&#8221; column_direction_phone=&#8221;default&#8221; scene_position=&#8221;center&#8221; text_color=&#8221;dark&#8221; text_align=&#8221;left&#8221; row_border_radius=&#8221;none&#8221; row_border_radius_applies=&#8221;bg&#8221; overflow=&#8221;visible&#8221; overlay_strength=&#8221;0.3&#8243; gradient_direction=&#8221;left_to_right&#8221; shape_divider_position=&#8221;bottom&#8221; bg_image_animation=&#8221;none&#8221;][vc_column column_padding=&#8221;no-extra-padding&#8221; column_padding_tablet=&#8221;inherit&#8221; column_padding_phone=&#8221;inherit&#8221; column_padding_position=&#8221;all&#8221; column_element_direction_desktop=&#8221;default&#8221; column_element_spacing=&#8221;default&#8221; desktop_text_alignment=&#8221;default&#8221; tablet_text_alignment=&#8221;default&#8221; phone_text_alignment=&#8221;default&#8221; background_color_opacity=&#8221;1&#8243; background_hover_color_opacity=&#8221;1&#8243; column_backdrop_filter=&#8221;none&#8221; column_shadow=&#8221;none&#8221; column_border_radius=&#8221;none&#8221; column_link_target=&#8221;_self&#8221; column_position=&#8221;default&#8221; gradient_direction=&#8221;left_to_right&#8221; overlay_strength=&#8221;0.3&#8243; width=&#8221;1\/1&#8243; tablet_width_inherit=&#8221;default&#8221; animation_type=&#8221;default&#8221; bg_image_animation=&#8221;none&#8221; border_type=&#8221;simple&#8221; column_border_width=&#8221;none&#8221; column_border_style=&#8221;solid&#8221;][nectar_global_section id=&#8221;158&#8243;][\/vc_column][\/vc_row][vc_row type=&#8221;in_container&#8221; full_screen_row_position=&#8221;middle&#8221; column_margin=&#8221;default&#8221; column_direction=&#8221;default&#8221; column_direction_tablet=&#8221;default&#8221; column_direction_phone=&#8221;default&#8221; scene_position=&#8221;center&#8221; top_padding=&#8221;3%&#8221; constrain_group_1=&#8221;yes&#8221; bottom_padding=&#8221;3%&#8221; text_color=&#8221;dark&#8221; text_align=&#8221;left&#8221; row_border_radius=&#8221;none&#8221; row_border_radius_applies=&#8221;bg&#8221; overflow=&#8221;visible&#8221; overlay_strength=&#8221;0.3&#8243; gradient_direction=&#8221;left_to_right&#8221; shape_divider_position=&#8221;bottom&#8221; bg_image_animation=&#8221;none&#8221; gradient_type=&#8221;default&#8221; shape_type=&#8221;&#8221;][vc_column column_padding=&#8221;no-extra-padding&#8221; column_padding_tablet=&#8221;inherit&#8221; column_padding_phone=&#8221;inherit&#8221; column_padding_position=&#8221;all&#8221; column_element_direction_desktop=&#8221;default&#8221; column_element_spacing=&#8221;default&#8221; desktop_text_alignment=&#8221;default&#8221; tablet_text_alignment=&#8221;default&#8221; phone_text_alignment=&#8221;default&#8221; background_color_opacity=&#8221;1&#8243; background_hover_color_opacity=&#8221;1&#8243; column_backdrop_filter=&#8221;none&#8221; column_shadow=&#8221;none&#8221; column_border_radius=&#8221;none&#8221; column_link_target=&#8221;_self&#8221; column_position=&#8221;default&#8221; gradient_direction=&#8221;left_to_right&#8221; overlay_strength=&#8221;0.3&#8243; width=&#8221;1\/1&#8243; tablet_width_inherit=&#8221;default&#8221; animation_type=&#8221;default&#8221; bg_image_animation=&#8221;none&#8221; border_type=&#8221;simple&#8221; column_border_width=&#8221;none&#8221; column_border_style=&#8221;solid&#8221;][nectar_global_section id=&#8221;303&#8243;][\/vc_column][\/vc_row]\n","protected":false},"excerpt":{"rendered":"<p>[vc_row type=&#8221;in_container&#8221; full_screen_row_position=&#8221;middle&#8221; column_margin=&#8221;default&#8221; column_direction=&#8221;default&#8221; column_direction_tablet=&#8221;default&#8221; column_direction_phone=&#8221;default&#8221; scene_position=&#8221;center&#8221; text_color=&#8221;dark&#8221; text_align=&#8221;left&#8221; row_border_radius=&#8221;none&#8221; row_border_radius_applies=&#8221;bg&#8221; overflow=&#8221;visible&#8221; overlay_strength=&#8221;0.3&#8243; gradient_direction=&#8221;left_to_right&#8221; shape_divider_position=&#8221;bottom&#8221; bg_image_animation=&#8221;none&#8221;][vc_column column_padding=&#8221;no-extra-padding&#8221; column_padding_tablet=&#8221;inherit&#8221; column_padding_phone=&#8221;inherit&#8221; column_padding_position=&#8221;all&#8221; column_element_direction_desktop=&#8221;default&#8221; column_element_spacing=&#8221;default&#8221; desktop_text_alignment=&#8221;default&#8221; tablet_text_alignment=&#8221;default&#8221; phone_text_alignment=&#8221;default&#8221; background_color_opacity=&#8221;1&#8243; background_hover_color_opacity=&#8221;1&#8243; column_backdrop_filter=&#8221;none&#8221; column_shadow=&#8221;none&#8221;&#8230;<\/p>\n","protected":false},"author":2,"featured_media":2300,"parent":3231,"menu_order":0,"comment_status":"closed","ping_status":"closed","template":"","meta":{"_acf_changed":false,"inline_featured_image":false,"footnotes":""},"class_list":["post-3281","page","type-page","status-publish","has-post-thumbnail"],"acf":[],"yoast_head":"<!-- This site is optimized with the Yoast SEO plugin v26.4 - https:\/\/yoast.com\/wordpress\/plugins\/seo\/ -->\n<title>Virginie Remillieux - Sud Corse H\u00f4tellerie, Santa Giulia<\/title>\n<meta name=\"description\" content=\"Virginie Remillieux, artista contemporanea francese, esplora la trasparenza attraverso tele poetiche. Scoprite il suo universo vibrante.\" \/>\n<meta name=\"robots\" content=\"index, follow, max-snippet:-1, max-image-preview:large, max-video-preview:-1\" \/>\n<link rel=\"canonical\" href=\"https:\/\/sud-corse.com\/it\/larte-al-cuore-del-nostro-hotel-a-porto-vecchio\/virginie-remillieux\/\" \/>\n<meta property=\"og:locale\" content=\"it_IT\" \/>\n<meta property=\"og:type\" content=\"article\" \/>\n<meta property=\"og:title\" content=\"Virginie Remillieux - Sud Corse H\u00f4tellerie, Santa Giulia\" \/>\n<meta property=\"og:description\" content=\"Virginie Remillieux, artista contemporanea francese, esplora la trasparenza attraverso tele poetiche. Scoprite il suo universo vibrante.\" \/>\n<meta property=\"og:url\" content=\"https:\/\/sud-corse.com\/it\/larte-al-cuore-del-nostro-hotel-a-porto-vecchio\/virginie-remillieux\/\" \/>\n<meta property=\"og:site_name\" content=\"sud-corse.com\" \/>\n<meta property=\"article:modified_time\" content=\"2025-10-28T08:59:45+00:00\" \/>\n<meta property=\"og:image\" content=\"https:\/\/sud-corse.com\/wp-content\/uploads\/2025\/09\/vriginie-remillieux-2024.jpg\" \/>\n\t<meta property=\"og:image:width\" content=\"574\" \/>\n\t<meta property=\"og:image:height\" content=\"828\" \/>\n\t<meta property=\"og:image:type\" content=\"image\/jpeg\" \/>\n<meta name=\"twitter:card\" content=\"summary_large_image\" \/>\n<meta name=\"twitter:label1\" content=\"Tempo di lettura stimato\" \/>\n\t<meta name=\"twitter:data1\" content=\"7 minuti\" \/>\n<script type=\"application\/ld+json\" class=\"yoast-schema-graph\">{\"@context\":\"https:\/\/schema.org\",\"@graph\":[{\"@type\":\"WebPage\",\"@id\":\"https:\/\/sud-corse.com\/it\/larte-al-cuore-del-nostro-hotel-a-porto-vecchio\/virginie-remillieux\/\",\"url\":\"https:\/\/sud-corse.com\/it\/larte-al-cuore-del-nostro-hotel-a-porto-vecchio\/virginie-remillieux\/\",\"name\":\"Virginie Remillieux - Sud Corse H\u00f4tellerie, Santa Giulia\",\"isPartOf\":{\"@id\":\"https:\/\/sud-corse.com\/#website\"},\"primaryImageOfPage\":{\"@id\":\"https:\/\/sud-corse.com\/it\/larte-al-cuore-del-nostro-hotel-a-porto-vecchio\/virginie-remillieux\/#primaryimage\"},\"image\":{\"@id\":\"https:\/\/sud-corse.com\/it\/larte-al-cuore-del-nostro-hotel-a-porto-vecchio\/virginie-remillieux\/#primaryimage\"},\"thumbnailUrl\":\"https:\/\/www.sud-corse.com\/wp-content\/uploads\/2025\/09\/vriginie-remillieux-2024.jpg\",\"datePublished\":\"2025-10-02T15:10:07+00:00\",\"dateModified\":\"2025-10-28T08:59:45+00:00\",\"description\":\"Virginie Remillieux, artista contemporanea francese, esplora la trasparenza attraverso tele poetiche. Scoprite il suo universo vibrante.\",\"breadcrumb\":{\"@id\":\"https:\/\/sud-corse.com\/it\/larte-al-cuore-del-nostro-hotel-a-porto-vecchio\/virginie-remillieux\/#breadcrumb\"},\"inLanguage\":\"it-IT\",\"potentialAction\":[{\"@type\":\"ReadAction\",\"target\":[\"https:\/\/sud-corse.com\/it\/larte-al-cuore-del-nostro-hotel-a-porto-vecchio\/virginie-remillieux\/\"]}]},{\"@type\":\"ImageObject\",\"inLanguage\":\"it-IT\",\"@id\":\"https:\/\/sud-corse.com\/it\/larte-al-cuore-del-nostro-hotel-a-porto-vecchio\/virginie-remillieux\/#primaryimage\",\"url\":\"https:\/\/www.sud-corse.com\/wp-content\/uploads\/2025\/09\/vriginie-remillieux-2024.jpg\",\"contentUrl\":\"https:\/\/www.sud-corse.com\/wp-content\/uploads\/2025\/09\/vriginie-remillieux-2024.jpg\",\"width\":574,\"height\":828,\"caption\":\"\u0152uvre de Virgine Remillieux Santa Giulia\"},{\"@type\":\"BreadcrumbList\",\"@id\":\"https:\/\/sud-corse.com\/it\/larte-al-cuore-del-nostro-hotel-a-porto-vecchio\/virginie-remillieux\/#breadcrumb\",\"itemListElement\":[{\"@type\":\"ListItem\",\"position\":1,\"name\":\"Home\",\"item\":\"https:\/\/sud-corse.com\/it\/\"},{\"@type\":\"ListItem\",\"position\":2,\"name\":\"L\u2019arte al cuore del nostro hotel a Porto Vecchio\",\"item\":\"https:\/\/sud-corse.com\/it\/larte-al-cuore-del-nostro-hotel-a-porto-vecchio\/\"},{\"@type\":\"ListItem\",\"position\":3,\"name\":\"Virginie Remillieux\"}]},{\"@type\":\"WebSite\",\"@id\":\"https:\/\/sud-corse.com\/#website\",\"url\":\"https:\/\/sud-corse.com\/\",\"name\":\"sch2\",\"description\":\"\",\"potentialAction\":[{\"@type\":\"SearchAction\",\"target\":{\"@type\":\"EntryPoint\",\"urlTemplate\":\"https:\/\/sud-corse.com\/?s={search_term_string}\"},\"query-input\":{\"@type\":\"PropertyValueSpecification\",\"valueRequired\":true,\"valueName\":\"search_term_string\"}}],\"inLanguage\":\"it-IT\"}]}<\/script>\n<!-- \/ Yoast SEO plugin. -->","yoast_head_json":{"title":"Virginie Remillieux - Sud Corse H\u00f4tellerie, Santa Giulia","description":"Virginie Remillieux, artista contemporanea francese, esplora la trasparenza attraverso tele poetiche. Scoprite il suo universo vibrante.","robots":{"index":"index","follow":"follow","max-snippet":"max-snippet:-1","max-image-preview":"max-image-preview:large","max-video-preview":"max-video-preview:-1"},"canonical":"https:\/\/sud-corse.com\/it\/larte-al-cuore-del-nostro-hotel-a-porto-vecchio\/virginie-remillieux\/","og_locale":"it_IT","og_type":"article","og_title":"Virginie Remillieux - Sud Corse H\u00f4tellerie, Santa Giulia","og_description":"Virginie Remillieux, artista contemporanea francese, esplora la trasparenza attraverso tele poetiche. Scoprite il suo universo vibrante.","og_url":"https:\/\/sud-corse.com\/it\/larte-al-cuore-del-nostro-hotel-a-porto-vecchio\/virginie-remillieux\/","og_site_name":"sud-corse.com","article_modified_time":"2025-10-28T08:59:45+00:00","og_image":[{"width":574,"height":828,"url":"https:\/\/sud-corse.com\/wp-content\/uploads\/2025\/09\/vriginie-remillieux-2024.jpg","type":"image\/jpeg"}],"twitter_card":"summary_large_image","twitter_misc":{"Tempo di lettura stimato":"7 minuti"},"schema":{"@context":"https:\/\/schema.org","@graph":[{"@type":"WebPage","@id":"https:\/\/sud-corse.com\/it\/larte-al-cuore-del-nostro-hotel-a-porto-vecchio\/virginie-remillieux\/","url":"https:\/\/sud-corse.com\/it\/larte-al-cuore-del-nostro-hotel-a-porto-vecchio\/virginie-remillieux\/","name":"Virginie Remillieux - Sud Corse H\u00f4tellerie, Santa Giulia","isPartOf":{"@id":"https:\/\/sud-corse.com\/#website"},"primaryImageOfPage":{"@id":"https:\/\/sud-corse.com\/it\/larte-al-cuore-del-nostro-hotel-a-porto-vecchio\/virginie-remillieux\/#primaryimage"},"image":{"@id":"https:\/\/sud-corse.com\/it\/larte-al-cuore-del-nostro-hotel-a-porto-vecchio\/virginie-remillieux\/#primaryimage"},"thumbnailUrl":"https:\/\/www.sud-corse.com\/wp-content\/uploads\/2025\/09\/vriginie-remillieux-2024.jpg","datePublished":"2025-10-02T15:10:07+00:00","dateModified":"2025-10-28T08:59:45+00:00","description":"Virginie Remillieux, artista contemporanea francese, esplora la trasparenza attraverso tele poetiche. Scoprite il suo universo vibrante.","breadcrumb":{"@id":"https:\/\/sud-corse.com\/it\/larte-al-cuore-del-nostro-hotel-a-porto-vecchio\/virginie-remillieux\/#breadcrumb"},"inLanguage":"it-IT","potentialAction":[{"@type":"ReadAction","target":["https:\/\/sud-corse.com\/it\/larte-al-cuore-del-nostro-hotel-a-porto-vecchio\/virginie-remillieux\/"]}]},{"@type":"ImageObject","inLanguage":"it-IT","@id":"https:\/\/sud-corse.com\/it\/larte-al-cuore-del-nostro-hotel-a-porto-vecchio\/virginie-remillieux\/#primaryimage","url":"https:\/\/www.sud-corse.com\/wp-content\/uploads\/2025\/09\/vriginie-remillieux-2024.jpg","contentUrl":"https:\/\/www.sud-corse.com\/wp-content\/uploads\/2025\/09\/vriginie-remillieux-2024.jpg","width":574,"height":828,"caption":"\u0152uvre de Virgine Remillieux Santa Giulia"},{"@type":"BreadcrumbList","@id":"https:\/\/sud-corse.com\/it\/larte-al-cuore-del-nostro-hotel-a-porto-vecchio\/virginie-remillieux\/#breadcrumb","itemListElement":[{"@type":"ListItem","position":1,"name":"Home","item":"https:\/\/sud-corse.com\/it\/"},{"@type":"ListItem","position":2,"name":"L\u2019arte al cuore del nostro hotel a Porto Vecchio","item":"https:\/\/sud-corse.com\/it\/larte-al-cuore-del-nostro-hotel-a-porto-vecchio\/"},{"@type":"ListItem","position":3,"name":"Virginie Remillieux"}]},{"@type":"WebSite","@id":"https:\/\/sud-corse.com\/#website","url":"https:\/\/sud-corse.com\/","name":"sch2","description":"","potentialAction":[{"@type":"SearchAction","target":{"@type":"EntryPoint","urlTemplate":"https:\/\/sud-corse.com\/?s={search_term_string}"},"query-input":{"@type":"PropertyValueSpecification","valueRequired":true,"valueName":"search_term_string"}}],"inLanguage":"it-IT"}]}},"_links":{"self":[{"href":"https:\/\/www.sud-corse.com\/it\/wp-json\/wp\/v2\/pages\/3281","targetHints":{"allow":["GET"]}}],"collection":[{"href":"https:\/\/www.sud-corse.com\/it\/wp-json\/wp\/v2\/pages"}],"about":[{"href":"https:\/\/www.sud-corse.com\/it\/wp-json\/wp\/v2\/types\/page"}],"author":[{"embeddable":true,"href":"https:\/\/www.sud-corse.com\/it\/wp-json\/wp\/v2\/users\/2"}],"replies":[{"embeddable":true,"href":"https:\/\/www.sud-corse.com\/it\/wp-json\/wp\/v2\/comments?post=3281"}],"version-history":[{"count":6,"href":"https:\/\/www.sud-corse.com\/it\/wp-json\/wp\/v2\/pages\/3281\/revisions"}],"predecessor-version":[{"id":4253,"href":"https:\/\/www.sud-corse.com\/it\/wp-json\/wp\/v2\/pages\/3281\/revisions\/4253"}],"up":[{"embeddable":true,"href":"https:\/\/www.sud-corse.com\/it\/wp-json\/wp\/v2\/pages\/3231"}],"wp:featuredmedia":[{"embeddable":true,"href":"https:\/\/www.sud-corse.com\/it\/wp-json\/wp\/v2\/media\/2300"}],"wp:attachment":[{"href":"https:\/\/www.sud-corse.com\/it\/wp-json\/wp\/v2\/media?parent=3281"}],"curies":[{"name":"wp","href":"https:\/\/api.w.org\/{rel}","templated":true}]}}