{"id":3284,"date":"2025-10-02T17:12:22","date_gmt":"2025-10-02T15:12:22","guid":{"rendered":"https:\/\/sud-corse.com\/vlp\/"},"modified":"2025-10-28T10:03:56","modified_gmt":"2025-10-28T09:03:56","slug":"vlp","status":"publish","type":"page","link":"https:\/\/www.sud-corse.com\/it\/larte-al-cuore-del-nostro-hotel-a-porto-vecchio\/vlp\/","title":{"rendered":"VLP"},"content":{"rendered":"[vc_row type=&#8221;in_container&#8221; full_screen_row_position=&#8221;middle&#8221; column_margin=&#8221;default&#8221; column_direction=&#8221;default&#8221; column_direction_tablet=&#8221;default&#8221; column_direction_phone=&#8221;default&#8221; scene_position=&#8221;center&#8221; text_color=&#8221;dark&#8221; text_align=&#8221;left&#8221; row_border_radius=&#8221;none&#8221; row_border_radius_applies=&#8221;bg&#8221; overflow=&#8221;visible&#8221; overlay_strength=&#8221;0.3&#8243; gradient_direction=&#8221;left_to_right&#8221; shape_divider_position=&#8221;bottom&#8221; bg_image_animation=&#8221;none&#8221;][vc_column column_padding=&#8221;no-extra-padding&#8221; column_padding_tablet=&#8221;inherit&#8221; column_padding_phone=&#8221;inherit&#8221; column_padding_position=&#8221;all&#8221; column_element_direction_desktop=&#8221;default&#8221; column_element_spacing=&#8221;default&#8221; desktop_text_alignment=&#8221;default&#8221; tablet_text_alignment=&#8221;default&#8221; phone_text_alignment=&#8221;default&#8221; background_color_opacity=&#8221;1&#8243; background_hover_color_opacity=&#8221;1&#8243; column_backdrop_filter=&#8221;none&#8221; column_shadow=&#8221;none&#8221; column_border_radius=&#8221;none&#8221; column_link_target=&#8221;_self&#8221; column_position=&#8221;default&#8221; gradient_direction=&#8221;left_to_right&#8221; overlay_strength=&#8221;0.3&#8243; width=&#8221;1\/1&#8243; tablet_width_inherit=&#8221;default&#8221; animation_type=&#8221;default&#8221; bg_image_animation=&#8221;none&#8221; border_type=&#8221;simple&#8221; column_border_width=&#8221;none&#8221; column_border_style=&#8221;solid&#8221;][divider line_type=&#8221;No Line&#8221;][split_line_heading animation_type=&#8221;line-reveal-by-space&#8221; font_style=&#8221;h1&#8243; text_color=&#8221;#466d5c&#8221; line_reveal_by_space_text_effect=&#8221;default&#8221; content_alignment=&#8221;default&#8221; mobile_content_alignment=&#8221;inherit&#8221; link_target=&#8221;_self&#8221; text_content=&#8221;VLP&#8221; text_direction=&#8221;default&#8221;][\/split_line_heading][split_line_heading animation_type=&#8221;line-reveal-by-space&#8221; font_style=&#8221;h2&#8243; text_color=&#8221;#466d5c&#8221; font_size_min=&#8221;15px&#8221; font_size_max=&#8221;25px&#8221; line_reveal_by_space_text_effect=&#8221;none&#8221; content_alignment=&#8221;default&#8221; mobile_content_alignment=&#8221;inherit&#8221; link_target=&#8221;_self&#8221; text_content=&#8221;VLP : I Precursori dell\u2019Arte Urbana Francese&#8221; font_size=&#8221;2vw&#8221; font_line_height=&#8221;1.4&#8243; text_direction=&#8221;default&#8221; el_class=&#8221;semi-bold&#8221;][\/split_line_heading][vc_column_text css=&#8221;&#8221; text_direction=&#8221;default&#8221;]\n<header><\/header>\n<div class=\"entry-content\">\n<p><strong>VLP<\/strong> (Vive La Peinture) \u00e8 un collettivo fondato da Jean Gabaret e G\u00e9rard Rolland nel 1983, ed \u00e8 ampiamente riconosciuto come uno dei pionieri della street art in Francia. Hanno svolto un ruolo cruciale nell\u2019emergere e nell\u2019evoluzione di questa forma d\u2019arte nel panorama urbano parigino. <\/p>\n<\/div>\n[\/vc_column_text][split_line_heading animation_type=&#8221;line-reveal-by-space&#8221; font_style=&#8221;h2&#8243; text_color=&#8221;#466d5c&#8221; font_size_min=&#8221;15px&#8221; font_size_max=&#8221;25px&#8221; line_reveal_by_space_text_effect=&#8221;none&#8221; content_alignment=&#8221;default&#8221; mobile_content_alignment=&#8221;inherit&#8221; link_target=&#8221;_self&#8221; text_content=&#8221;Un Contributo Pionieristico&#8221; font_size=&#8221;2vw&#8221; font_line_height=&#8221;1.4&#8243; text_direction=&#8221;default&#8221; el_class=&#8221;semi-bold&#8221;][\/split_line_heading][vc_column_text css=&#8221;&#8221; text_direction=&#8221;default&#8221;]\n<header><\/header>\n<div class=\"entry-content\">\n<p>Fin dalla loro creazione, i VLP hanno saputo catturare l\u2019attenzione con interventi artistici audaci e innovativi negli spazi pubblici. Il loro obiettivo era democratizzare l\u2019arte portandola direttamente per strada, rendendola accessibile a tutti. Utilizzavano tecniche di pittura murale e stencil per trasformare i muri di Parigi in gallerie d\u2019arte all\u2019aperto. Il loro approccio era radicale e visionario, volto a sconvolgere le convenzioni artistiche e stimolare la riflessione sociale attraverso le loro opere.   <\/p>\n<\/div>\n[\/vc_column_text][split_line_heading animation_type=&#8221;line-reveal-by-space&#8221; font_style=&#8221;h2&#8243; text_color=&#8221;#466d5c&#8221; font_size_min=&#8221;15px&#8221; font_size_max=&#8221;25px&#8221; line_reveal_by_space_text_effect=&#8221;none&#8221; content_alignment=&#8221;default&#8221; mobile_content_alignment=&#8221;inherit&#8221; link_target=&#8221;_self&#8221; text_content=&#8221;Il Collettivo di Arte Urbana e i Suoi Membri&#8221; font_size=&#8221;2vw&#8221; font_line_height=&#8221;1.4&#8243; text_direction=&#8221;default&#8221; el_class=&#8221;semi-bold&#8221;][\/split_line_heading][vc_column_text css=&#8221;&#8221; text_direction=&#8221;default&#8221;]\n<header><\/header>\n<div class=\"entry-content\">\n<p>I VLP hanno collaborato con numerosi artisti influenti della scena street art, contribuendo a creare una rete dinamica di artisti impegnati. Tra i loro collaboratori pi\u00f9 noti si annoverano figure emblematiche come <g id=\"gid_0\">Speedy Graphito<\/g>, <g id=\"gid_1\">Blek le Rat<\/g>, <g id=\"gid_2\">Miss.Tic<\/g>, e <g id=\"gid_3\">Jef A\u00e9rosol<\/g>. Questi artisti hanno tutti, a modo loro, ridefinito i confini dell\u2019arte urbana, usando i muri della citt\u00e0 come tele per esprimere le loro visioni uniche e spesso provocatorie.  <\/p>\n<\/div>\n[\/vc_column_text][split_line_heading animation_type=&#8221;line-reveal-by-space&#8221; font_style=&#8221;h2&#8243; text_color=&#8221;#466d5c&#8221; font_size_min=&#8221;15px&#8221; font_size_max=&#8221;25px&#8221; line_reveal_by_space_text_effect=&#8221;none&#8221; content_alignment=&#8221;default&#8221; mobile_content_alignment=&#8221;inherit&#8221; link_target=&#8221;_self&#8221; text_content=&#8221;Impatto e Eredit\u00e0&#8221; font_size=&#8221;2vw&#8221; font_line_height=&#8221;1.4&#8243; text_direction=&#8221;default&#8221; el_class=&#8221;semi-bold&#8221;][\/split_line_heading][vc_column_text css=&#8221;&#8221; text_direction=&#8221;default&#8221;]\n<header><\/header>\n<div class=\"entry-content\">\n<p>Il loro impatto sulla street art non si limita solo alle opere visive. Organizzando eventi ed esposizioni, i VLP hanno creato anche piattaforme per altri artisti, contribuendo a portare la scena della street art parigina sulla scena internazionale. Il loro lavoro \u00e8 stato riconosciuto e celebrato in numerose esposizioni in Francia e all\u2019estero, sottolineando il loro ruolo cruciale nella storia dell\u2019arte urbana.  <\/p>\n<\/div>\n[\/vc_column_text][split_line_heading animation_type=&#8221;line-reveal-by-space&#8221; font_style=&#8221;h2&#8243; text_color=&#8221;#466d5c&#8221; font_size_min=&#8221;15px&#8221; font_size_max=&#8221;25px&#8221; line_reveal_by_space_text_effect=&#8221;none&#8221; content_alignment=&#8221;default&#8221; mobile_content_alignment=&#8221;inherit&#8221; link_target=&#8221;_self&#8221; text_content=&#8221;Tecniche e Tematiche&#8221; font_size=&#8221;2vw&#8221; font_line_height=&#8221;1.4&#8243; text_direction=&#8221;default&#8221; el_class=&#8221;semi-bold&#8221;][\/split_line_heading][vc_column_text css=&#8221;&#8221; text_direction=&#8221;default&#8221;]\n<header><\/header>\n<div class=\"entry-content\">I VLP sono noti per le loro tecniche varie, che includono pittura murale, stencil e collage. Le loro opere affrontano spesso temi sociali e politici, cercando di stimolare consapevolezza e coinvolgere il pubblico in discussioni su questioni contemporanee. Il loro stile vibrante e l\u2019uso audace dei colori rendono le loro creazioni immediatamente riconoscibili e memorabili.  <\/div>\n[\/vc_column_text][split_line_heading animation_type=&#8221;line-reveal-by-space&#8221; font_style=&#8221;h2&#8243; text_color=&#8221;#466d5c&#8221; font_size_min=&#8221;15px&#8221; font_size_max=&#8221;25px&#8221; line_reveal_by_space_text_effect=&#8221;none&#8221; content_alignment=&#8221;default&#8221; mobile_content_alignment=&#8221;inherit&#8221; link_target=&#8221;_self&#8221; text_content=&#8221;Esposizioni e Progetti&#8221; font_size=&#8221;2vw&#8221; font_line_height=&#8221;1.4&#8243; text_direction=&#8221;default&#8221; el_class=&#8221;semi-bold&#8221;][\/split_line_heading][vc_column_text css=&#8221;&#8221; text_direction=&#8221;default&#8221;]\n<header><\/header>\n<div class=\"entry-content\">\n<p>Nel corso degli anni, i VLP hanno partecipato a numerose esposizioni di prestigio. Il loro lavoro \u00e8 stato presentato in gallerie rinomate e festival di arte urbana, rafforzando la loro reputazione come pionieri del movimento street art. Continuano a creare e a influenzare la nuova generazione di artisti urbani, mantenendo cos\u00ec vivo e rilevante lo spirito rivoluzionario della street art. L\u2019occhio attento riconosce senza dubbio le loro <a href=\"https:\/\/www.sud-corse.com\/lart-au-coeur-de-notre-hotel\/\" data-type=\"page\" data-id=\"4517\">opere artistishe<\/a> in tutta la <a href=\"https:\/\/www.sud-corse.com\/\">Sud Corse<\/a>.   <\/p>\n<p>Per saperne di pi\u00f9 sui VLP e seguire le loro ultime creazioni, potete visitare il loro <a href=\"https:\/\/www.instagram.com\/vlpvivelapeinture\/\">profilo Instagram<\/a>.<\/p>\n<\/div>\n[\/vc_column_text][\/vc_column][\/vc_row][vc_row type=&#8221;in_container&#8221; full_screen_row_position=&#8221;middle&#8221; column_margin=&#8221;default&#8221; column_direction=&#8221;default&#8221; column_direction_tablet=&#8221;default&#8221; column_direction_phone=&#8221;default&#8221; scene_position=&#8221;center&#8221; text_color=&#8221;dark&#8221; text_align=&#8221;left&#8221; row_border_radius=&#8221;none&#8221; row_border_radius_applies=&#8221;bg&#8221; overflow=&#8221;visible&#8221; overlay_strength=&#8221;0.3&#8243; gradient_direction=&#8221;left_to_right&#8221; shape_divider_position=&#8221;bottom&#8221; bg_image_animation=&#8221;none&#8221;][vc_column column_padding=&#8221;no-extra-padding&#8221; column_padding_tablet=&#8221;inherit&#8221; column_padding_phone=&#8221;inherit&#8221; column_padding_position=&#8221;all&#8221; column_element_direction_desktop=&#8221;default&#8221; column_element_spacing=&#8221;default&#8221; desktop_text_alignment=&#8221;default&#8221; tablet_text_alignment=&#8221;default&#8221; phone_text_alignment=&#8221;default&#8221; background_color_opacity=&#8221;1&#8243; background_hover_color_opacity=&#8221;1&#8243; column_backdrop_filter=&#8221;none&#8221; column_shadow=&#8221;none&#8221; column_border_radius=&#8221;none&#8221; column_link_target=&#8221;_self&#8221; column_position=&#8221;default&#8221; gradient_direction=&#8221;left_to_right&#8221; overlay_strength=&#8221;0.3&#8243; width=&#8221;1\/1&#8243; tablet_width_inherit=&#8221;default&#8221; animation_type=&#8221;default&#8221; bg_image_animation=&#8221;none&#8221; border_type=&#8221;simple&#8221; column_border_width=&#8221;none&#8221; column_border_style=&#8221;solid&#8221;][image_with_animation image_url=&#8221;2305&#8243; image_size=&#8221;medium&#8221; animation_type=&#8221;entrance&#8221; animation=&#8221;None&#8221; animation_movement_type=&#8221;transform_y&#8221; hover_animation=&#8221;none&#8221; alignment=&#8221;&#8221; border_radius=&#8221;none&#8221; box_shadow=&#8221;none&#8221; image_loading=&#8221;default&#8221; max_width=&#8221;100%&#8221; max_width_mobile=&#8221;default&#8221;][vc_column_text css=&#8221;&#8221; text_direction=&#8221;default&#8221;]Opera di VLP[\/vc_column_text][\/vc_column][\/vc_row][vc_row type=&#8221;in_container&#8221; full_screen_row_position=&#8221;middle&#8221; column_margin=&#8221;default&#8221; column_direction=&#8221;default&#8221; column_direction_tablet=&#8221;default&#8221; column_direction_phone=&#8221;default&#8221; scene_position=&#8221;center&#8221; text_color=&#8221;dark&#8221; text_align=&#8221;left&#8221; row_border_radius=&#8221;none&#8221; row_border_radius_applies=&#8221;bg&#8221; overflow=&#8221;visible&#8221; overlay_strength=&#8221;0.3&#8243; gradient_direction=&#8221;left_to_right&#8221; shape_divider_position=&#8221;bottom&#8221; bg_image_animation=&#8221;none&#8221;][vc_column column_padding=&#8221;no-extra-padding&#8221; column_padding_tablet=&#8221;inherit&#8221; column_padding_phone=&#8221;inherit&#8221; column_padding_position=&#8221;all&#8221; column_element_direction_desktop=&#8221;default&#8221; column_element_spacing=&#8221;default&#8221; desktop_text_alignment=&#8221;default&#8221; tablet_text_alignment=&#8221;default&#8221; phone_text_alignment=&#8221;default&#8221; background_color_opacity=&#8221;1&#8243; background_hover_color_opacity=&#8221;1&#8243; column_backdrop_filter=&#8221;none&#8221; column_shadow=&#8221;none&#8221; column_border_radius=&#8221;none&#8221; column_link_target=&#8221;_self&#8221; column_position=&#8221;default&#8221; gradient_direction=&#8221;left_to_right&#8221; overlay_strength=&#8221;0.3&#8243; width=&#8221;1\/1&#8243; tablet_width_inherit=&#8221;default&#8221; animation_type=&#8221;default&#8221; bg_image_animation=&#8221;none&#8221; border_type=&#8221;simple&#8221; column_border_width=&#8221;none&#8221; column_border_style=&#8221;solid&#8221;][nectar_global_section id=&#8221;158&#8243;][\/vc_column][\/vc_row][vc_row type=&#8221;in_container&#8221; full_screen_row_position=&#8221;middle&#8221; column_margin=&#8221;default&#8221; column_direction=&#8221;default&#8221; column_direction_tablet=&#8221;default&#8221; column_direction_phone=&#8221;default&#8221; scene_position=&#8221;center&#8221; top_padding=&#8221;3%&#8221; constrain_group_1=&#8221;yes&#8221; bottom_padding=&#8221;3%&#8221; text_color=&#8221;dark&#8221; text_align=&#8221;left&#8221; row_border_radius=&#8221;none&#8221; row_border_radius_applies=&#8221;bg&#8221; overflow=&#8221;visible&#8221; overlay_strength=&#8221;0.3&#8243; gradient_direction=&#8221;left_to_right&#8221; shape_divider_position=&#8221;bottom&#8221; bg_image_animation=&#8221;none&#8221; gradient_type=&#8221;default&#8221; shape_type=&#8221;&#8221;][vc_column column_padding=&#8221;no-extra-padding&#8221; column_padding_tablet=&#8221;inherit&#8221; column_padding_phone=&#8221;inherit&#8221; column_padding_position=&#8221;all&#8221; column_element_direction_desktop=&#8221;default&#8221; column_element_spacing=&#8221;default&#8221; desktop_text_alignment=&#8221;default&#8221; tablet_text_alignment=&#8221;default&#8221; phone_text_alignment=&#8221;default&#8221; background_color_opacity=&#8221;1&#8243; background_hover_color_opacity=&#8221;1&#8243; column_backdrop_filter=&#8221;none&#8221; column_shadow=&#8221;none&#8221; column_border_radius=&#8221;none&#8221; column_link_target=&#8221;_self&#8221; column_position=&#8221;default&#8221; gradient_direction=&#8221;left_to_right&#8221; overlay_strength=&#8221;0.3&#8243; width=&#8221;1\/1&#8243; tablet_width_inherit=&#8221;default&#8221; animation_type=&#8221;default&#8221; bg_image_animation=&#8221;none&#8221; border_type=&#8221;simple&#8221; column_border_width=&#8221;none&#8221; column_border_style=&#8221;solid&#8221;][nectar_global_section id=&#8221;303&#8243;][\/vc_column][\/vc_row]\n","protected":false},"excerpt":{"rendered":"<p>[vc_row type=&#8221;in_container&#8221; full_screen_row_position=&#8221;middle&#8221; column_margin=&#8221;default&#8221; column_direction=&#8221;default&#8221; column_direction_tablet=&#8221;default&#8221; column_direction_phone=&#8221;default&#8221; scene_position=&#8221;center&#8221; text_color=&#8221;dark&#8221; text_align=&#8221;left&#8221; row_border_radius=&#8221;none&#8221; row_border_radius_applies=&#8221;bg&#8221; overflow=&#8221;visible&#8221; overlay_strength=&#8221;0.3&#8243; gradient_direction=&#8221;left_to_right&#8221; shape_divider_position=&#8221;bottom&#8221; bg_image_animation=&#8221;none&#8221;][vc_column column_padding=&#8221;no-extra-padding&#8221; column_padding_tablet=&#8221;inherit&#8221; column_padding_phone=&#8221;inherit&#8221; column_padding_position=&#8221;all&#8221; column_element_direction_desktop=&#8221;default&#8221; column_element_spacing=&#8221;default&#8221; desktop_text_alignment=&#8221;default&#8221; tablet_text_alignment=&#8221;default&#8221; phone_text_alignment=&#8221;default&#8221; background_color_opacity=&#8221;1&#8243; background_hover_color_opacity=&#8221;1&#8243; column_backdrop_filter=&#8221;none&#8221; column_shadow=&#8221;none&#8221;&#8230;<\/p>\n","protected":false},"author":2,"featured_media":2307,"parent":3231,"menu_order":0,"comment_status":"closed","ping_status":"closed","template":"","meta":{"_acf_changed":false,"inline_featured_image":false,"footnotes":""},"class_list":["post-3284","page","type-page","status-publish","has-post-thumbnail"],"acf":[],"yoast_head":"<!-- This site is optimized with the Yoast SEO plugin v26.4 - https:\/\/yoast.com\/wordpress\/plugins\/seo\/ -->\n<title>VLP - Sud Corse H\u00f4tellerie, Santa Giulia<\/title>\n<meta name=\"description\" content=\"VLP, collettivo pioniere della street art francese, ha segnato l\u2019arte urbana con i suoi murales impegnati. Scoprite il loro impatto e il loro lascito.\" \/>\n<meta name=\"robots\" content=\"index, follow, max-snippet:-1, max-image-preview:large, max-video-preview:-1\" \/>\n<link rel=\"canonical\" href=\"https:\/\/sud-corse.com\/it\/larte-al-cuore-del-nostro-hotel-a-porto-vecchio\/vlp\/\" \/>\n<meta property=\"og:locale\" content=\"it_IT\" \/>\n<meta property=\"og:type\" content=\"article\" \/>\n<meta property=\"og:title\" content=\"VLP - Sud Corse H\u00f4tellerie, Santa Giulia\" \/>\n<meta property=\"og:description\" content=\"VLP, collettivo pioniere della street art francese, ha segnato l\u2019arte urbana con i suoi murales impegnati. Scoprite il loro impatto e il loro lascito.\" \/>\n<meta property=\"og:url\" content=\"https:\/\/sud-corse.com\/it\/larte-al-cuore-del-nostro-hotel-a-porto-vecchio\/vlp\/\" \/>\n<meta property=\"og:site_name\" content=\"sud-corse.com\" \/>\n<meta property=\"article:modified_time\" content=\"2025-10-28T09:03:56+00:00\" \/>\n<meta property=\"og:image\" content=\"https:\/\/sud-corse.com\/wp-content\/uploads\/2025\/09\/VLP-2024.jpg\" \/>\n\t<meta property=\"og:image:width\" content=\"300\" \/>\n\t<meta property=\"og:image:height\" content=\"297\" \/>\n\t<meta property=\"og:image:type\" content=\"image\/jpeg\" \/>\n<meta name=\"twitter:card\" content=\"summary_large_image\" \/>\n<meta name=\"twitter:label1\" content=\"Tempo di lettura stimato\" \/>\n\t<meta name=\"twitter:data1\" content=\"8 minuti\" \/>\n<script type=\"application\/ld+json\" class=\"yoast-schema-graph\">{\"@context\":\"https:\/\/schema.org\",\"@graph\":[{\"@type\":\"WebPage\",\"@id\":\"https:\/\/sud-corse.com\/it\/larte-al-cuore-del-nostro-hotel-a-porto-vecchio\/vlp\/\",\"url\":\"https:\/\/sud-corse.com\/it\/larte-al-cuore-del-nostro-hotel-a-porto-vecchio\/vlp\/\",\"name\":\"VLP - Sud Corse H\u00f4tellerie, Santa Giulia\",\"isPartOf\":{\"@id\":\"https:\/\/sud-corse.com\/#website\"},\"primaryImageOfPage\":{\"@id\":\"https:\/\/sud-corse.com\/it\/larte-al-cuore-del-nostro-hotel-a-porto-vecchio\/vlp\/#primaryimage\"},\"image\":{\"@id\":\"https:\/\/sud-corse.com\/it\/larte-al-cuore-del-nostro-hotel-a-porto-vecchio\/vlp\/#primaryimage\"},\"thumbnailUrl\":\"https:\/\/www.sud-corse.com\/wp-content\/uploads\/2025\/09\/VLP-2024.jpg\",\"datePublished\":\"2025-10-02T15:12:22+00:00\",\"dateModified\":\"2025-10-28T09:03:56+00:00\",\"description\":\"VLP, collettivo pioniere della street art francese, ha segnato l\u2019arte urbana con i suoi murales impegnati. Scoprite il loro impatto e il loro lascito.\",\"breadcrumb\":{\"@id\":\"https:\/\/sud-corse.com\/it\/larte-al-cuore-del-nostro-hotel-a-porto-vecchio\/vlp\/#breadcrumb\"},\"inLanguage\":\"it-IT\",\"potentialAction\":[{\"@type\":\"ReadAction\",\"target\":[\"https:\/\/sud-corse.com\/it\/larte-al-cuore-del-nostro-hotel-a-porto-vecchio\/vlp\/\"]}]},{\"@type\":\"ImageObject\",\"inLanguage\":\"it-IT\",\"@id\":\"https:\/\/sud-corse.com\/it\/larte-al-cuore-del-nostro-hotel-a-porto-vecchio\/vlp\/#primaryimage\",\"url\":\"https:\/\/www.sud-corse.com\/wp-content\/uploads\/2025\/09\/VLP-2024.jpg\",\"contentUrl\":\"https:\/\/www.sud-corse.com\/wp-content\/uploads\/2025\/09\/VLP-2024.jpg\",\"width\":300,\"height\":297,\"caption\":\"\u0153uvre VLP Santa Giulia\"},{\"@type\":\"BreadcrumbList\",\"@id\":\"https:\/\/sud-corse.com\/it\/larte-al-cuore-del-nostro-hotel-a-porto-vecchio\/vlp\/#breadcrumb\",\"itemListElement\":[{\"@type\":\"ListItem\",\"position\":1,\"name\":\"Home\",\"item\":\"https:\/\/sud-corse.com\/it\/\"},{\"@type\":\"ListItem\",\"position\":2,\"name\":\"L\u2019arte al cuore del nostro hotel a Porto Vecchio\",\"item\":\"https:\/\/sud-corse.com\/it\/larte-al-cuore-del-nostro-hotel-a-porto-vecchio\/\"},{\"@type\":\"ListItem\",\"position\":3,\"name\":\"VLP\"}]},{\"@type\":\"WebSite\",\"@id\":\"https:\/\/sud-corse.com\/#website\",\"url\":\"https:\/\/sud-corse.com\/\",\"name\":\"sch2\",\"description\":\"\",\"potentialAction\":[{\"@type\":\"SearchAction\",\"target\":{\"@type\":\"EntryPoint\",\"urlTemplate\":\"https:\/\/sud-corse.com\/?s={search_term_string}\"},\"query-input\":{\"@type\":\"PropertyValueSpecification\",\"valueRequired\":true,\"valueName\":\"search_term_string\"}}],\"inLanguage\":\"it-IT\"}]}<\/script>\n<!-- \/ Yoast SEO plugin. -->","yoast_head_json":{"title":"VLP - Sud Corse H\u00f4tellerie, Santa Giulia","description":"VLP, collettivo pioniere della street art francese, ha segnato l\u2019arte urbana con i suoi murales impegnati. Scoprite il loro impatto e il loro lascito.","robots":{"index":"index","follow":"follow","max-snippet":"max-snippet:-1","max-image-preview":"max-image-preview:large","max-video-preview":"max-video-preview:-1"},"canonical":"https:\/\/sud-corse.com\/it\/larte-al-cuore-del-nostro-hotel-a-porto-vecchio\/vlp\/","og_locale":"it_IT","og_type":"article","og_title":"VLP - Sud Corse H\u00f4tellerie, Santa Giulia","og_description":"VLP, collettivo pioniere della street art francese, ha segnato l\u2019arte urbana con i suoi murales impegnati. Scoprite il loro impatto e il loro lascito.","og_url":"https:\/\/sud-corse.com\/it\/larte-al-cuore-del-nostro-hotel-a-porto-vecchio\/vlp\/","og_site_name":"sud-corse.com","article_modified_time":"2025-10-28T09:03:56+00:00","og_image":[{"width":300,"height":297,"url":"https:\/\/sud-corse.com\/wp-content\/uploads\/2025\/09\/VLP-2024.jpg","type":"image\/jpeg"}],"twitter_card":"summary_large_image","twitter_misc":{"Tempo di lettura stimato":"8 minuti"},"schema":{"@context":"https:\/\/schema.org","@graph":[{"@type":"WebPage","@id":"https:\/\/sud-corse.com\/it\/larte-al-cuore-del-nostro-hotel-a-porto-vecchio\/vlp\/","url":"https:\/\/sud-corse.com\/it\/larte-al-cuore-del-nostro-hotel-a-porto-vecchio\/vlp\/","name":"VLP - Sud Corse H\u00f4tellerie, Santa Giulia","isPartOf":{"@id":"https:\/\/sud-corse.com\/#website"},"primaryImageOfPage":{"@id":"https:\/\/sud-corse.com\/it\/larte-al-cuore-del-nostro-hotel-a-porto-vecchio\/vlp\/#primaryimage"},"image":{"@id":"https:\/\/sud-corse.com\/it\/larte-al-cuore-del-nostro-hotel-a-porto-vecchio\/vlp\/#primaryimage"},"thumbnailUrl":"https:\/\/www.sud-corse.com\/wp-content\/uploads\/2025\/09\/VLP-2024.jpg","datePublished":"2025-10-02T15:12:22+00:00","dateModified":"2025-10-28T09:03:56+00:00","description":"VLP, collettivo pioniere della street art francese, ha segnato l\u2019arte urbana con i suoi murales impegnati. Scoprite il loro impatto e il loro lascito.","breadcrumb":{"@id":"https:\/\/sud-corse.com\/it\/larte-al-cuore-del-nostro-hotel-a-porto-vecchio\/vlp\/#breadcrumb"},"inLanguage":"it-IT","potentialAction":[{"@type":"ReadAction","target":["https:\/\/sud-corse.com\/it\/larte-al-cuore-del-nostro-hotel-a-porto-vecchio\/vlp\/"]}]},{"@type":"ImageObject","inLanguage":"it-IT","@id":"https:\/\/sud-corse.com\/it\/larte-al-cuore-del-nostro-hotel-a-porto-vecchio\/vlp\/#primaryimage","url":"https:\/\/www.sud-corse.com\/wp-content\/uploads\/2025\/09\/VLP-2024.jpg","contentUrl":"https:\/\/www.sud-corse.com\/wp-content\/uploads\/2025\/09\/VLP-2024.jpg","width":300,"height":297,"caption":"\u0153uvre VLP Santa Giulia"},{"@type":"BreadcrumbList","@id":"https:\/\/sud-corse.com\/it\/larte-al-cuore-del-nostro-hotel-a-porto-vecchio\/vlp\/#breadcrumb","itemListElement":[{"@type":"ListItem","position":1,"name":"Home","item":"https:\/\/sud-corse.com\/it\/"},{"@type":"ListItem","position":2,"name":"L\u2019arte al cuore del nostro hotel a Porto Vecchio","item":"https:\/\/sud-corse.com\/it\/larte-al-cuore-del-nostro-hotel-a-porto-vecchio\/"},{"@type":"ListItem","position":3,"name":"VLP"}]},{"@type":"WebSite","@id":"https:\/\/sud-corse.com\/#website","url":"https:\/\/sud-corse.com\/","name":"sch2","description":"","potentialAction":[{"@type":"SearchAction","target":{"@type":"EntryPoint","urlTemplate":"https:\/\/sud-corse.com\/?s={search_term_string}"},"query-input":{"@type":"PropertyValueSpecification","valueRequired":true,"valueName":"search_term_string"}}],"inLanguage":"it-IT"}]}},"_links":{"self":[{"href":"https:\/\/www.sud-corse.com\/it\/wp-json\/wp\/v2\/pages\/3284","targetHints":{"allow":["GET"]}}],"collection":[{"href":"https:\/\/www.sud-corse.com\/it\/wp-json\/wp\/v2\/pages"}],"about":[{"href":"https:\/\/www.sud-corse.com\/it\/wp-json\/wp\/v2\/types\/page"}],"author":[{"embeddable":true,"href":"https:\/\/www.sud-corse.com\/it\/wp-json\/wp\/v2\/users\/2"}],"replies":[{"embeddable":true,"href":"https:\/\/www.sud-corse.com\/it\/wp-json\/wp\/v2\/comments?post=3284"}],"version-history":[{"count":8,"href":"https:\/\/www.sud-corse.com\/it\/wp-json\/wp\/v2\/pages\/3284\/revisions"}],"predecessor-version":[{"id":4255,"href":"https:\/\/www.sud-corse.com\/it\/wp-json\/wp\/v2\/pages\/3284\/revisions\/4255"}],"up":[{"embeddable":true,"href":"https:\/\/www.sud-corse.com\/it\/wp-json\/wp\/v2\/pages\/3231"}],"wp:featuredmedia":[{"embeddable":true,"href":"https:\/\/www.sud-corse.com\/it\/wp-json\/wp\/v2\/media\/2307"}],"wp:attachment":[{"href":"https:\/\/www.sud-corse.com\/it\/wp-json\/wp\/v2\/media?parent=3284"}],"curies":[{"name":"wp","href":"https:\/\/api.w.org\/{rel}","templated":true}]}}