{"id":3323,"date":"2025-07-07T16:07:23","date_gmt":"2025-07-07T14:07:23","guid":{"rendered":"https:\/\/sud-corse.com\/informazioni-legali\/"},"modified":"2026-01-08T09:14:43","modified_gmt":"2026-01-08T08:14:43","slug":"informazioni-legali","status":"publish","type":"page","link":"https:\/\/www.sud-corse.com\/it\/informazioni-legali\/","title":{"rendered":"Informazioni legali"},"content":{"rendered":"[vc_row type=&#8221;in_container&#8221; full_screen_row_position=&#8221;middle&#8221; column_margin=&#8221;default&#8221; column_direction=&#8221;default&#8221; column_direction_tablet=&#8221;default&#8221; column_direction_phone=&#8221;default&#8221; scene_position=&#8221;center&#8221; text_color=&#8221;dark&#8221; text_align=&#8221;left&#8221; row_border_radius=&#8221;none&#8221; row_border_radius_applies=&#8221;bg&#8221; overflow=&#8221;visible&#8221; overlay_strength=&#8221;0.3&#8243; gradient_direction=&#8221;left_to_right&#8221; shape_divider_position=&#8221;bottom&#8221; bg_image_animation=&#8221;none&#8221;][vc_column column_padding=&#8221;no-extra-padding&#8221; column_padding_tablet=&#8221;inherit&#8221; column_padding_phone=&#8221;inherit&#8221; column_padding_position=&#8221;all&#8221; column_element_direction_desktop=&#8221;default&#8221; column_element_spacing=&#8221;default&#8221; desktop_text_alignment=&#8221;default&#8221; tablet_text_alignment=&#8221;default&#8221; phone_text_alignment=&#8221;default&#8221; background_color_opacity=&#8221;1&#8243; background_hover_color_opacity=&#8221;1&#8243; column_backdrop_filter=&#8221;none&#8221; column_shadow=&#8221;none&#8221; column_border_radius=&#8221;none&#8221; column_link_target=&#8221;_self&#8221; column_position=&#8221;default&#8221; gradient_direction=&#8221;left_to_right&#8221; overlay_strength=&#8221;0.3&#8243; width=&#8221;1\/1&#8243; tablet_width_inherit=&#8221;default&#8221; animation_type=&#8221;default&#8221; bg_image_animation=&#8221;none&#8221; border_type=&#8221;simple&#8221; column_border_width=&#8221;none&#8221; column_border_style=&#8221;solid&#8221;][divider line_type=&#8221;No Line&#8221; custom_height=&#8221;20px&#8221;][vc_column_text]Il sito www.sud-corse.fr \u00e8 gestito direttamente da noi.<\/p>\n<p>Siret: 377 976 592 00016.<br \/>\nQuesto sito \u00e8 dichiarato alla CNIL secondo quanto previsto dall\u2019articolo 34 della legge sulla protezione dei dati personali; avete il diritto di accesso, modifica, rettifica e cancellazione dei dati che vi riguardano. Questi dati non vengono in alcun caso divulgati. <\/p>\n<p>Per esercitare il vostro diritto, vi preghiamo di scriverci a :<br \/>\nS.A Sud Corse H\u00f4tellerie<br \/>\nCS 20101<br \/>\nBaie de Santa Giulia<br \/>\n20538 Porto-Vecchio cedex<br \/>\nTelefono : +33.(0)495.707.100<br \/>\nEmail : reservation@sud-corse.fr<\/p>\n<p>In assenza di una risposta soddisfacente da parte nostra entro 60 giorni, potete contattare il mediatore del Turismo e dei Viaggi al seguente indirizzo :<br \/>\nM\u00e9diation Tourisme et Voyage (MTV)<br \/>\nBP 80303<br \/>\n75823 Paris Cedex 17<br \/>\nwww.mtv.travel<\/p>\n<p>La societ\u00e0 Sud Corse H\u00f4tellerie si riserva il diritto di modificare in qualsiasi momento le presenti condizioni. \u00c8 consigliato consultare regolarmente l\u2019ultima versione vigente.<x id=\"gid_0\"><\/x>Per contenuto del presente sito si intende la struttura generale, i testi, le immagini animate o meno e i suoni di cui il sito \u00e8 composto. Qualsiasi riproduzione totale o parziale di questo sito e del suo contenuto, con qualsiasi mezzo, \u00e8 vietata senza l\u2019autorizzazione scritta preventiva della societ\u00e0 Sud Corse H\u00f4tellerie, secondo il Codice della propriet\u00e0 intellettuale.[\/vc_column_text][\/vc_column][\/vc_row][vc_row type=&#8221;in_container&#8221; full_screen_row_position=&#8221;middle&#8221; column_margin=&#8221;default&#8221; equal_height=&#8221;yes&#8221; content_placement=&#8221;middle&#8221; column_direction=&#8221;default&#8221; column_direction_tablet=&#8221;default&#8221; column_direction_phone=&#8221;default&#8221; scene_position=&#8221;center&#8221; text_color=&#8221;dark&#8221; text_align=&#8221;left&#8221; row_border_radius=&#8221;none&#8221; row_border_radius_applies=&#8221;bg&#8221; overflow=&#8221;visible&#8221; overlay_strength=&#8221;0.3&#8243; gradient_direction=&#8221;left_to_right&#8221; shape_divider_position=&#8221;bottom&#8221; bg_image_animation=&#8221;none&#8221; gradient_type=&#8221;default&#8221; shape_type=&#8221;&#8221;][vc_column column_padding=&#8221;no-extra-padding&#8221; column_padding_tablet=&#8221;inherit&#8221; column_padding_phone=&#8221;inherit&#8221; column_padding_position=&#8221;all&#8221; column_element_direction_desktop=&#8221;default&#8221; column_element_spacing=&#8221;default&#8221; desktop_text_alignment=&#8221;default&#8221; tablet_text_alignment=&#8221;default&#8221; phone_text_alignment=&#8221;default&#8221; background_color_opacity=&#8221;1&#8243; background_hover_color_opacity=&#8221;1&#8243; column_backdrop_filter=&#8221;none&#8221; column_shadow=&#8221;none&#8221; column_border_radius=&#8221;none&#8221; column_link_target=&#8221;_self&#8221; column_position=&#8221;default&#8221; gradient_direction=&#8221;left_to_right&#8221; overlay_strength=&#8221;0.3&#8243; width=&#8221;1\/4&#8243; tablet_width_inherit=&#8221;default&#8221; animation_type=&#8221;default&#8221; bg_image_animation=&#8221;none&#8221; border_type=&#8221;simple&#8221; column_border_width=&#8221;none&#8221; column_border_style=&#8221;solid&#8221;][image_with_animation image_url=&#8221;1187&#8243; image_size=&#8221;full&#8221; animation_type=&#8221;entrance&#8221; animation=&#8221;None&#8221; animation_movement_type=&#8221;transform_y&#8221; hover_animation=&#8221;none&#8221; alignment=&#8221;&#8221; border_radius=&#8221;none&#8221; box_shadow=&#8221;none&#8221; image_loading=&#8221;default&#8221; max_width=&#8221;100%&#8221; max_width_mobile=&#8221;default&#8221;][\/vc_column][vc_column column_padding=&#8221;no-extra-padding&#8221; column_padding_tablet=&#8221;inherit&#8221; column_padding_phone=&#8221;inherit&#8221; column_padding_position=&#8221;all&#8221; column_element_direction_desktop=&#8221;default&#8221; column_element_spacing=&#8221;default&#8221; desktop_text_alignment=&#8221;default&#8221; tablet_text_alignment=&#8221;default&#8221; phone_text_alignment=&#8221;default&#8221; background_color_opacity=&#8221;1&#8243; background_hover_color_opacity=&#8221;1&#8243; column_backdrop_filter=&#8221;none&#8221; column_shadow=&#8221;none&#8221; column_border_radius=&#8221;none&#8221; column_link_target=&#8221;_self&#8221; column_position=&#8221;default&#8221; gradient_direction=&#8221;left_to_right&#8221; overlay_strength=&#8221;0.3&#8243; width=&#8221;1\/4&#8243; tablet_width_inherit=&#8221;default&#8221; animation_type=&#8221;default&#8221; bg_image_animation=&#8221;none&#8221; border_type=&#8221;simple&#8221; column_border_width=&#8221;none&#8221; column_border_style=&#8221;solid&#8221;][image_with_animation image_url=&#8221;1190&#8243; image_size=&#8221;full&#8221; animation_type=&#8221;entrance&#8221; animation=&#8221;None&#8221; animation_movement_type=&#8221;transform_y&#8221; hover_animation=&#8221;none&#8221; alignment=&#8221;&#8221; border_radius=&#8221;none&#8221; box_shadow=&#8221;none&#8221; image_loading=&#8221;default&#8221; max_width=&#8221;100%&#8221; max_width_mobile=&#8221;default&#8221;][\/vc_column][vc_column column_padding=&#8221;no-extra-padding&#8221; column_padding_tablet=&#8221;inherit&#8221; column_padding_phone=&#8221;inherit&#8221; column_padding_position=&#8221;all&#8221; column_element_direction_desktop=&#8221;default&#8221; column_element_spacing=&#8221;default&#8221; desktop_text_alignment=&#8221;default&#8221; tablet_text_alignment=&#8221;default&#8221; phone_text_alignment=&#8221;default&#8221; background_color_opacity=&#8221;1&#8243; background_hover_color_opacity=&#8221;1&#8243; column_backdrop_filter=&#8221;none&#8221; column_shadow=&#8221;none&#8221; column_border_radius=&#8221;none&#8221; column_link_target=&#8221;_self&#8221; column_position=&#8221;default&#8221; gradient_direction=&#8221;left_to_right&#8221; overlay_strength=&#8221;0.3&#8243; width=&#8221;1\/4&#8243; tablet_width_inherit=&#8221;default&#8221; animation_type=&#8221;default&#8221; bg_image_animation=&#8221;none&#8221; border_type=&#8221;simple&#8221; column_border_width=&#8221;none&#8221; column_border_style=&#8221;solid&#8221;][\/vc_column][vc_column column_padding=&#8221;no-extra-padding&#8221; column_padding_tablet=&#8221;inherit&#8221; column_padding_phone=&#8221;inherit&#8221; column_padding_position=&#8221;all&#8221; column_element_direction_desktop=&#8221;default&#8221; column_element_spacing=&#8221;default&#8221; desktop_text_alignment=&#8221;default&#8221; tablet_text_alignment=&#8221;default&#8221; phone_text_alignment=&#8221;default&#8221; background_color_opacity=&#8221;1&#8243; background_hover_color_opacity=&#8221;1&#8243; column_backdrop_filter=&#8221;none&#8221; column_shadow=&#8221;none&#8221; column_border_radius=&#8221;none&#8221; column_link_target=&#8221;_self&#8221; column_position=&#8221;default&#8221; gradient_direction=&#8221;left_to_right&#8221; overlay_strength=&#8221;0.3&#8243; width=&#8221;1\/4&#8243; tablet_width_inherit=&#8221;default&#8221; animation_type=&#8221;default&#8221; bg_image_animation=&#8221;none&#8221; border_type=&#8221;simple&#8221; column_border_width=&#8221;none&#8221; column_border_style=&#8221;solid&#8221;][\/vc_column][\/vc_row]\n","protected":false},"excerpt":{"rendered":"<p>[vc_row type=&#8221;in_container&#8221; full_screen_row_position=&#8221;middle&#8221; column_margin=&#8221;default&#8221; column_direction=&#8221;default&#8221; column_direction_tablet=&#8221;default&#8221; column_direction_phone=&#8221;default&#8221; scene_position=&#8221;center&#8221; text_color=&#8221;dark&#8221; text_align=&#8221;left&#8221; row_border_radius=&#8221;none&#8221; row_border_radius_applies=&#8221;bg&#8221; overflow=&#8221;visible&#8221; overlay_strength=&#8221;0.3&#8243; gradient_direction=&#8221;left_to_right&#8221; shape_divider_position=&#8221;bottom&#8221; bg_image_animation=&#8221;none&#8221;][vc_column column_padding=&#8221;no-extra-padding&#8221; column_padding_tablet=&#8221;inherit&#8221; column_padding_phone=&#8221;inherit&#8221; column_padding_position=&#8221;all&#8221; column_element_direction_desktop=&#8221;default&#8221; column_element_spacing=&#8221;default&#8221; desktop_text_alignment=&#8221;default&#8221; tablet_text_alignment=&#8221;default&#8221; phone_text_alignment=&#8221;default&#8221; background_color_opacity=&#8221;1&#8243; background_hover_color_opacity=&#8221;1&#8243; column_backdrop_filter=&#8221;none&#8221; column_shadow=&#8221;none&#8221;&#8230;<\/p>\n","protected":false},"author":1,"featured_media":2566,"parent":0,"menu_order":0,"comment_status":"closed","ping_status":"closed","template":"","meta":{"_acf_changed":false,"inline_featured_image":false,"footnotes":""},"class_list":["post-3323","page","type-page","status-publish","has-post-thumbnail"],"acf":[],"yoast_head":"<!-- This site is optimized with the Yoast SEO plugin v26.4 - https:\/\/yoast.com\/wordpress\/plugins\/seo\/ -->\n<title>Informazioni legali | Sud Corse H\u00f4tellerie, Santa Giulia<\/title>\n<meta name=\"description\" content=\"Informazioni legali di Sud Corse H\u00f4tellerie: editore, hosting, diritti di propriet\u00e0 intellettuale e condizioni d\u2019uso.\" \/>\n<meta name=\"robots\" content=\"index, follow, max-snippet:-1, max-image-preview:large, max-video-preview:-1\" \/>\n<link rel=\"canonical\" href=\"https:\/\/www.sud-corse.com\/it\/informazioni-legali\/\" \/>\n<meta property=\"og:locale\" content=\"it_IT\" \/>\n<meta property=\"og:type\" content=\"article\" \/>\n<meta property=\"og:title\" content=\"Informazioni legali | Sud Corse H\u00f4tellerie, Santa Giulia\" \/>\n<meta property=\"og:description\" content=\"Informazioni legali di Sud Corse H\u00f4tellerie: editore, hosting, diritti di propriet\u00e0 intellettuale e condizioni d\u2019uso.\" \/>\n<meta property=\"og:url\" content=\"https:\/\/www.sud-corse.com\/it\/informazioni-legali\/\" \/>\n<meta property=\"og:site_name\" content=\"sud-corse.com\" \/>\n<meta property=\"article:modified_time\" content=\"2026-01-08T08:14:43+00:00\" \/>\n<meta property=\"og:image\" content=\"https:\/\/www.sud-corse.com\/wp-content\/uploads\/2025\/09\/Ponton-Hotel-Moby-Dick-Santa-Giulia.jpg\" \/>\n\t<meta property=\"og:image:width\" content=\"1300\" \/>\n\t<meta property=\"og:image:height\" content=\"864\" \/>\n\t<meta property=\"og:image:type\" content=\"image\/jpeg\" \/>\n<meta name=\"twitter:card\" content=\"summary_large_image\" \/>\n<meta name=\"twitter:label1\" content=\"Tempo di lettura stimato\" \/>\n\t<meta name=\"twitter:data1\" content=\"4 minuti\" \/>\n<script type=\"application\/ld+json\" class=\"yoast-schema-graph\">{\"@context\":\"https:\/\/schema.org\",\"@graph\":[{\"@type\":\"WebPage\",\"@id\":\"https:\/\/www.sud-corse.com\/it\/informazioni-legali\/\",\"url\":\"https:\/\/www.sud-corse.com\/it\/informazioni-legali\/\",\"name\":\"Informazioni legali | Sud Corse H\u00f4tellerie, Santa Giulia\",\"isPartOf\":{\"@id\":\"https:\/\/sud-corse.com\/#website\"},\"primaryImageOfPage\":{\"@id\":\"https:\/\/www.sud-corse.com\/it\/informazioni-legali\/#primaryimage\"},\"image\":{\"@id\":\"https:\/\/www.sud-corse.com\/it\/informazioni-legali\/#primaryimage\"},\"thumbnailUrl\":\"https:\/\/www.sud-corse.com\/wp-content\/uploads\/2025\/09\/Ponton-Hotel-Moby-Dick-Santa-Giulia.jpg\",\"datePublished\":\"2025-07-07T14:07:23+00:00\",\"dateModified\":\"2026-01-08T08:14:43+00:00\",\"description\":\"Informazioni legali di Sud Corse H\u00f4tellerie: editore, hosting, diritti di propriet\u00e0 intellettuale e condizioni d\u2019uso.\",\"breadcrumb\":{\"@id\":\"https:\/\/www.sud-corse.com\/it\/informazioni-legali\/#breadcrumb\"},\"inLanguage\":\"it-IT\",\"potentialAction\":[{\"@type\":\"ReadAction\",\"target\":[\"https:\/\/www.sud-corse.com\/it\/informazioni-legali\/\"]}]},{\"@type\":\"ImageObject\",\"inLanguage\":\"it-IT\",\"@id\":\"https:\/\/www.sud-corse.com\/it\/informazioni-legali\/#primaryimage\",\"url\":\"https:\/\/www.sud-corse.com\/wp-content\/uploads\/2025\/09\/Ponton-Hotel-Moby-Dick-Santa-Giulia.jpg\",\"contentUrl\":\"https:\/\/www.sud-corse.com\/wp-content\/uploads\/2025\/09\/Ponton-Hotel-Moby-Dick-Santa-Giulia.jpg\",\"width\":1300,\"height\":864,\"caption\":\"Plage Santa Giulia ponton H\u00f4tel Moby Dick\"},{\"@type\":\"BreadcrumbList\",\"@id\":\"https:\/\/www.sud-corse.com\/it\/informazioni-legali\/#breadcrumb\",\"itemListElement\":[{\"@type\":\"ListItem\",\"position\":1,\"name\":\"Home\",\"item\":\"https:\/\/sud-corse.com\/it\/\"},{\"@type\":\"ListItem\",\"position\":2,\"name\":\"Informazioni legali\"}]},{\"@type\":\"WebSite\",\"@id\":\"https:\/\/sud-corse.com\/#website\",\"url\":\"https:\/\/sud-corse.com\/\",\"name\":\"sch2\",\"description\":\"\",\"potentialAction\":[{\"@type\":\"SearchAction\",\"target\":{\"@type\":\"EntryPoint\",\"urlTemplate\":\"https:\/\/sud-corse.com\/?s={search_term_string}\"},\"query-input\":{\"@type\":\"PropertyValueSpecification\",\"valueRequired\":true,\"valueName\":\"search_term_string\"}}],\"inLanguage\":\"it-IT\"}]}<\/script>\n<!-- \/ Yoast SEO plugin. -->","yoast_head_json":{"title":"Informazioni legali | Sud Corse H\u00f4tellerie, Santa Giulia","description":"Informazioni legali di Sud Corse H\u00f4tellerie: editore, hosting, diritti di propriet\u00e0 intellettuale e condizioni d\u2019uso.","robots":{"index":"index","follow":"follow","max-snippet":"max-snippet:-1","max-image-preview":"max-image-preview:large","max-video-preview":"max-video-preview:-1"},"canonical":"https:\/\/www.sud-corse.com\/it\/informazioni-legali\/","og_locale":"it_IT","og_type":"article","og_title":"Informazioni legali | Sud Corse H\u00f4tellerie, Santa Giulia","og_description":"Informazioni legali di Sud Corse H\u00f4tellerie: editore, hosting, diritti di propriet\u00e0 intellettuale e condizioni d\u2019uso.","og_url":"https:\/\/www.sud-corse.com\/it\/informazioni-legali\/","og_site_name":"sud-corse.com","article_modified_time":"2026-01-08T08:14:43+00:00","og_image":[{"width":1300,"height":864,"url":"https:\/\/www.sud-corse.com\/wp-content\/uploads\/2025\/09\/Ponton-Hotel-Moby-Dick-Santa-Giulia.jpg","type":"image\/jpeg"}],"twitter_card":"summary_large_image","twitter_misc":{"Tempo di lettura stimato":"4 minuti"},"schema":{"@context":"https:\/\/schema.org","@graph":[{"@type":"WebPage","@id":"https:\/\/www.sud-corse.com\/it\/informazioni-legali\/","url":"https:\/\/www.sud-corse.com\/it\/informazioni-legali\/","name":"Informazioni legali | Sud Corse H\u00f4tellerie, Santa Giulia","isPartOf":{"@id":"https:\/\/sud-corse.com\/#website"},"primaryImageOfPage":{"@id":"https:\/\/www.sud-corse.com\/it\/informazioni-legali\/#primaryimage"},"image":{"@id":"https:\/\/www.sud-corse.com\/it\/informazioni-legali\/#primaryimage"},"thumbnailUrl":"https:\/\/www.sud-corse.com\/wp-content\/uploads\/2025\/09\/Ponton-Hotel-Moby-Dick-Santa-Giulia.jpg","datePublished":"2025-07-07T14:07:23+00:00","dateModified":"2026-01-08T08:14:43+00:00","description":"Informazioni legali di Sud Corse H\u00f4tellerie: editore, hosting, diritti di propriet\u00e0 intellettuale e condizioni d\u2019uso.","breadcrumb":{"@id":"https:\/\/www.sud-corse.com\/it\/informazioni-legali\/#breadcrumb"},"inLanguage":"it-IT","potentialAction":[{"@type":"ReadAction","target":["https:\/\/www.sud-corse.com\/it\/informazioni-legali\/"]}]},{"@type":"ImageObject","inLanguage":"it-IT","@id":"https:\/\/www.sud-corse.com\/it\/informazioni-legali\/#primaryimage","url":"https:\/\/www.sud-corse.com\/wp-content\/uploads\/2025\/09\/Ponton-Hotel-Moby-Dick-Santa-Giulia.jpg","contentUrl":"https:\/\/www.sud-corse.com\/wp-content\/uploads\/2025\/09\/Ponton-Hotel-Moby-Dick-Santa-Giulia.jpg","width":1300,"height":864,"caption":"Plage Santa Giulia ponton H\u00f4tel Moby Dick"},{"@type":"BreadcrumbList","@id":"https:\/\/www.sud-corse.com\/it\/informazioni-legali\/#breadcrumb","itemListElement":[{"@type":"ListItem","position":1,"name":"Home","item":"https:\/\/sud-corse.com\/it\/"},{"@type":"ListItem","position":2,"name":"Informazioni legali"}]},{"@type":"WebSite","@id":"https:\/\/sud-corse.com\/#website","url":"https:\/\/sud-corse.com\/","name":"sch2","description":"","potentialAction":[{"@type":"SearchAction","target":{"@type":"EntryPoint","urlTemplate":"https:\/\/sud-corse.com\/?s={search_term_string}"},"query-input":{"@type":"PropertyValueSpecification","valueRequired":true,"valueName":"search_term_string"}}],"inLanguage":"it-IT"}]}},"_links":{"self":[{"href":"https:\/\/www.sud-corse.com\/it\/wp-json\/wp\/v2\/pages\/3323","targetHints":{"allow":["GET"]}}],"collection":[{"href":"https:\/\/www.sud-corse.com\/it\/wp-json\/wp\/v2\/pages"}],"about":[{"href":"https:\/\/www.sud-corse.com\/it\/wp-json\/wp\/v2\/types\/page"}],"author":[{"embeddable":true,"href":"https:\/\/www.sud-corse.com\/it\/wp-json\/wp\/v2\/users\/1"}],"replies":[{"embeddable":true,"href":"https:\/\/www.sud-corse.com\/it\/wp-json\/wp\/v2\/comments?post=3323"}],"version-history":[{"count":4,"href":"https:\/\/www.sud-corse.com\/it\/wp-json\/wp\/v2\/pages\/3323\/revisions"}],"predecessor-version":[{"id":5220,"href":"https:\/\/www.sud-corse.com\/it\/wp-json\/wp\/v2\/pages\/3323\/revisions\/5220"}],"wp:featuredmedia":[{"embeddable":true,"href":"https:\/\/www.sud-corse.com\/it\/wp-json\/wp\/v2\/media\/2566"}],"wp:attachment":[{"href":"https:\/\/www.sud-corse.com\/it\/wp-json\/wp\/v2\/media?parent=3323"}],"curies":[{"name":"wp","href":"https:\/\/api.w.org\/{rel}","templated":true}]}}