{"id":3338,"date":"2025-07-03T17:51:45","date_gmt":"2025-07-03T15:51:45","guid":{"rendered":"https:\/\/sud-corse.com\/informativa-sulla-privacy\/"},"modified":"2025-10-27T11:44:34","modified_gmt":"2025-10-27T10:44:34","slug":"informativa-sulla-privacy","status":"publish","type":"page","link":"https:\/\/www.sud-corse.com\/it\/informativa-sulla-privacy\/","title":{"rendered":"Informativa sulla privacy"},"content":{"rendered":"[vc_row type=&#8221;in_container&#8221; full_screen_row_position=&#8221;middle&#8221; column_margin=&#8221;default&#8221; column_direction=&#8221;default&#8221; column_direction_tablet=&#8221;default&#8221; column_direction_phone=&#8221;default&#8221; scene_position=&#8221;center&#8221; text_color=&#8221;dark&#8221; text_align=&#8221;left&#8221; row_border_radius=&#8221;none&#8221; row_border_radius_applies=&#8221;bg&#8221; overflow=&#8221;visible&#8221; overlay_strength=&#8221;0.3&#8243; gradient_direction=&#8221;left_to_right&#8221; shape_divider_position=&#8221;bottom&#8221; bg_image_animation=&#8221;none&#8221;][vc_column column_padding=&#8221;no-extra-padding&#8221; column_padding_tablet=&#8221;inherit&#8221; column_padding_phone=&#8221;inherit&#8221; column_padding_position=&#8221;all&#8221; column_element_direction_desktop=&#8221;default&#8221; column_element_spacing=&#8221;default&#8221; desktop_text_alignment=&#8221;default&#8221; tablet_text_alignment=&#8221;default&#8221; phone_text_alignment=&#8221;default&#8221; background_color_opacity=&#8221;1&#8243; background_hover_color_opacity=&#8221;1&#8243; column_backdrop_filter=&#8221;none&#8221; column_shadow=&#8221;none&#8221; column_border_radius=&#8221;none&#8221; column_link_target=&#8221;_self&#8221; column_position=&#8221;default&#8221; gradient_direction=&#8221;left_to_right&#8221; overlay_strength=&#8221;0.3&#8243; width=&#8221;1\/1&#8243; tablet_width_inherit=&#8221;default&#8221; animation_type=&#8221;default&#8221; bg_image_animation=&#8221;none&#8221; border_type=&#8221;simple&#8221; column_border_width=&#8221;none&#8221; column_border_style=&#8221;solid&#8221;][split_line_heading animation_type=&#8221;line-reveal-by-space&#8221; font_style=&#8221;h2&#8243; text_color=&#8221;#466d5c&#8221; font_size_min=&#8221;25px&#8221; font_size_max=&#8221;55px&#8221; line_reveal_by_space_text_effect=&#8221;default&#8221; content_alignment=&#8221;default&#8221; mobile_content_alignment=&#8221;inherit&#8221; link_target=&#8221;_self&#8221; text_content=&#8221;Chi siamo?&#8221; font_size=&#8221;2vw&#8221; font_line_height=&#8221;1.4&#8243; text_direction=&#8221;default&#8221; el_class=&#8221;semi-bold&#8221;][\/split_line_heading][vc_column_text css=&#8221;&#8221; text_direction=&#8221;default&#8221;]\n<\/p>\n<p>\nL\u2019adresse de notre site est : www.sud-corse.com.<\/p>\r\n[\/vc_column_text][split_line_heading animation_type=&#8221;line-reveal-by-space&#8221; font_style=&#8221;h2&#8243; text_color=&#8221;#466d5c&#8221; font_size_min=&#8221;25px&#8221; font_size_max=&#8221;45px&#8221; line_reveal_by_space_text_effect=&#8221;none&#8221; content_alignment=&#8221;default&#8221; mobile_content_alignment=&#8221;inherit&#8221; link_target=&#8221;_self&#8221; text_content=&#8221;Commentaires&#8221; font_size=&#8221;2vw&#8221; font_line_height=&#8221;1.4&#8243; text_direction=&#8221;default&#8221; el_class=&#8221;semi-bold&#8221;][\/split_line_heading][vc_column_text css=&#8221;&#8221; text_direction=&#8221;default&#8221;]\r\n<p>Quand vous laissez un commentaire sur notre site, les donn\u00e9es inscrites dans le formulaire de commentaire, ainsi que votre adresse IP et l\u2019agent utilisateur de votre navigateur sont collect\u00e9s pour nous aider \u00e0 la d\u00e9tection des commentaires ind\u00e9sirables.<\/p>\n<p>\nUne cha\u00eene anonymis\u00e9e cr\u00e9\u00e9e \u00e0 partir de votre adresse e-mail (\u00e9galement appel\u00e9e hash) peut \u00eatre envoy\u00e9e au service Gravatar pour v\u00e9rifier si vous utilisez ce dernier. Les clauses de confidentialit\u00e9 du service Gravatar sont disponibles ici\u00a0: https:\/\/automattic.com\/privacy\/. Apr\u00e8s validation de votre commentaire, votre photo de profil sera visible publiquement \u00e0 cot\u00e9 de votre commentaire.\r\n[\/vc_column_text][split_line_heading animation_type=&#8221;line-reveal-by-space&#8221; font_style=&#8221;h2&#8243; text_color=&#8221;#466d5c&#8221; font_size_min=&#8221;25px&#8221; font_size_max=&#8221;45px&#8221; line_reveal_by_space_text_effect=&#8221;none&#8221; content_alignment=&#8221;default&#8221; mobile_content_alignment=&#8221;inherit&#8221; link_target=&#8221;_self&#8221; text_content=&#8221;Media&#8221; font_size=&#8221;2vw&#8221; font_line_height=&#8221;1.4&#8243; text_direction=&#8221;default&#8221; el_class=&#8221;semi-bold&#8221;][\/split_line_heading][vc_column_text css=&#8221;&#8221; text_direction=&#8221;default&#8221;]\n<p><!-- \/wp:post-content --><\/p>\n<p><!-- wp:paragraph -->Si vous t\u00e9l\u00e9versez des images sur le site, nous vous conseillons d\u2019\u00e9viter de t\u00e9l\u00e9verser des images contenant des donn\u00e9es EXIF de coordonn\u00e9es GPS. Les personnes visitant votre site peuvent t\u00e9l\u00e9charger et extraire des donn\u00e9es de localisation depuis ces images.<\/p>\n<p><!-- \/wp:paragraph --><\/p>\n[\/vc_column_text][split_line_heading animation_type=&#8221;line-reveal-by-space&#8221; font_style=&#8221;h2&#8243; text_color=&#8221;#466d5c&#8221; font_size_min=&#8221;25px&#8221; font_size_max=&#8221;45px&#8221; line_reveal_by_space_text_effect=&#8221;none&#8221; content_alignment=&#8221;default&#8221; mobile_content_alignment=&#8221;inherit&#8221; link_target=&#8221;_self&#8221; text_content=&#8221;Cookies&#8221; font_size=&#8221;2vw&#8221; font_line_height=&#8221;1.4&#8243; text_direction=&#8221;default&#8221; el_class=&#8221;semi-bold&#8221;][\/split_line_heading][vc_column_text css=&#8221;&#8221; text_direction=&#8221;default&#8221;]\n<p><!-- wp:heading \/--><!-- \/wp:paragraph --><\/p>\n<p><!-- wp:heading -->Se lasciate un commento sul nostro sito, vi verr\u00e0 proposta la possibilit\u00e0 di salvare il vostro nome, indirizzo e-mail e sito in cookie. Questo \u00e8 solo per comodit\u00e0, in modo da non dover inserire nuovamente queste informazioni se lasciate un altro commento in seguito. Questi cookie scadono dopo un anno.  <\/p>\n<p><!-- \/wp:paragraph --><\/p>\n<p><!-- wp:paragraph -->Se visitate la pagina di accesso, verr\u00e0 creato un cookie temporaneo per verificare se il vostro browser accetta i cookie. Non contiene dati personali e verr\u00e0 eliminato automaticamente alla chiusura del browser. <\/p>\n<p><!-- \/wp:paragraph --><\/p>\n<p><!-- wp:paragraph -->Quando effettuate l&#8217;accesso, verranno impostati diversi cookie per salvare le vostre informazioni di accesso e le preferenze dello schermo. La durata di un cookie di accesso \u00e8 di due giorni, quella di un cookie per le opzioni dello schermo \u00e8 di un anno. Se selezionate &#8220;Ricordami&#8221;, il cookie di accesso sar\u00e0 conservato per due settimane. Se effettuate il logout dal vostro account, il cookie di accesso verr\u00e0 eliminato.   <\/p>\n<p><!-- \/wp:paragraph --><\/p>\n<p>&nbsp;<\/p>\n<p><!-- wp:paragraph --><\/p>\n<p>Modificando o pubblicando un articolo, verr\u00e0 salvato un cookie aggiuntivo nel vostro browser. Questo cookie non contiene dati personali; indica solo l\u2019ID dell\u2019articolo che avete appena modificato. Scade dopo un giorno.   <\/p>\n<p><!-- \/wp:paragraph --><\/p>\n<p>&nbsp;<\/p>\n<p><!-- wp:heading --><\/p>\n[\/vc_column_text][split_line_heading animation_type=&#8221;line-reveal-by-space&#8221; font_style=&#8221;h2&#8243; text_color=&#8221;#466d5c&#8221; font_size_min=&#8221;25px&#8221; font_size_max=&#8221;45px&#8221; line_reveal_by_space_text_effect=&#8221;none&#8221; content_alignment=&#8221;default&#8221; mobile_content_alignment=&#8221;inherit&#8221; link_target=&#8221;_self&#8221; text_content=&#8221;Contenuti incorporati da altri siti&#8221; font_size=&#8221;2vw&#8221; font_line_height=&#8221;1.4&#8243; text_direction=&#8221;default&#8221; el_class=&#8221;semi-bold&#8221;][\/split_line_heading][vc_column_text css=&#8221;&#8221; text_direction=&#8221;default&#8221;]\n<p><!-- wp:heading --><\/p>\n<p>Gli articoli di questo sito possono includere contenuti incorporati (ad esempio video, immagini, articoli\u2026). I contenuti incorporati da altri siti si comportano esattamente come se il visitatore visitasse quell\u2019altro sito. <\/p>\n<p><!-- \/wp:paragraph --><\/p>\n<p>&nbsp;<\/p>\n<p><!-- wp:paragraph --><\/p>\n<p>Questi siti web potrebbero raccogliere dati su di voi, utilizzare cookie, incorporare strumenti di tracciamento di terze parti e monitorare le vostre interazioni con questi contenuti incorporati se avete un account connesso sui loro siti web.<\/p>\n<p><!-- \/wp:paragraph --><\/p>\n<p>&nbsp;<\/p>\n<p><!-- wp:heading --><\/p>\n[\/vc_column_text][split_line_heading animation_type=&#8221;line-reveal-by-space&#8221; font_style=&#8221;h2&#8243; text_color=&#8221;#466d5c&#8221; font_size_min=&#8221;25px&#8221; font_size_max=&#8221;45px&#8221; line_reveal_by_space_text_effect=&#8221;none&#8221; content_alignment=&#8221;default&#8221; mobile_content_alignment=&#8221;inherit&#8221; link_target=&#8221;_self&#8221; text_content=&#8221;Utilizzo e trasmissione dei vostri dati personali&#8221; font_size=&#8221;2vw&#8221; font_line_height=&#8221;1.4&#8243; text_direction=&#8221;default&#8221; el_class=&#8221;semi-bold&#8221;][\/split_line_heading][vc_column_text css=&#8221;&#8221; text_direction=&#8221;default&#8221;]\n<p><!-- wp:heading --><\/p>\n<p>Se richiedete il reset della password, il vostro indirizzo IP sar\u00e0 incluso nell\u2019e-mail di reimpostazione.<\/p>\n<p><!-- \/wp:paragraph --><\/p>\n<p><!-- wp:heading -->[\/vc_column_text][split_line_heading animation_type=&#8221;line-reveal-by-space&#8221; font_style=&#8221;h2&#8243; text_color=&#8221;#466d5c&#8221; font_size_min=&#8221;25px&#8221; font_size_max=&#8221;45px&#8221; line_reveal_by_space_text_effect=&#8221;none&#8221; content_alignment=&#8221;default&#8221; mobile_content_alignment=&#8221;inherit&#8221; link_target=&#8221;_self&#8221; text_content=&#8221;Tempi di conservazione dei vostri dati&#8221; font_size=&#8221;2vw&#8221; font_line_height=&#8221;1.4&#8243; text_direction=&#8221;default&#8221; el_class=&#8221;semi-bold&#8221;][\/split_line_heading][vc_column_text css=&#8221;&#8221; text_direction=&#8221;default&#8221;]\n<p><!-- wp:heading -->Se lasciate un commento, il commento e i suoi metadati vengono conservati indefinitamente. Questo permette di riconoscere e approvare automaticamente i commenti successivi senza lasciarli in moderazione. <\/p>\n<p><!-- \/wp:paragraph --><\/p>\n<p>&nbsp;<\/p>\n<p><!-- wp:paragraph --><\/p>\n<p>Per gli account registrati sul nostro sito (se presenti), conserviamo anche i dati personali indicati nel loro profilo. Tutti gli account possono visualizzare, modificare o eliminare le proprie informazioni personali in qualsiasi momento (ad eccezione del loro identificativo). Anche gli amministratori del sito possono visualizzare e modificare queste informazioni.  <\/p>\n<p><!-- \/wp:paragraph --><\/p>\n<p><!-- wp:heading -->[\/vc_column_text][split_line_heading animation_type=&#8221;line-reveal-by-space&#8221; font_style=&#8221;h2&#8243; text_color=&#8221;#466d5c&#8221; font_size_min=&#8221;25px&#8221; font_size_max=&#8221;45px&#8221; line_reveal_by_space_text_effect=&#8221;none&#8221; content_alignment=&#8221;default&#8221; mobile_content_alignment=&#8221;inherit&#8221; link_target=&#8221;_self&#8221; text_content=&#8221;I diritti che avete sui vostri dati&#8221; font_size=&#8221;2vw&#8221; font_line_height=&#8221;1.4&#8243; text_direction=&#8221;default&#8221; el_class=&#8221;semi-bold&#8221;][\/split_line_heading][vc_column_text css=&#8221;&#8221; text_direction=&#8221;default&#8221;]\n<p><!-- wp:heading --><\/p>\n<p>Se avete un account o avete lasciato commenti sul sito, potete richiedere di ricevere un file contenente tutti i dati personali che possediamo su di voi, incluse le informazioni che ci avete fornito. Potete anche richiedere la cancellazione dei dati personali che vi riguardano. Questo non include i dati conservati per scopi amministrativi, legali o di sicurezza.  <\/p>\n<p><!-- \/wp:paragraph --><\/p>\n<p>&nbsp;<\/p>\n<p><!-- wp:heading --><!-- \/wp:paragraph --><\/p>\n[\/vc_column_text][split_line_heading animation_type=&#8221;line-reveal-by-space&#8221; font_style=&#8221;h2&#8243; text_color=&#8221;#466d5c&#8221; font_size_min=&#8221;25px&#8221; font_size_max=&#8221;45px&#8221; line_reveal_by_space_text_effect=&#8221;none&#8221; content_alignment=&#8221;default&#8221; mobile_content_alignment=&#8221;inherit&#8221; link_target=&#8221;_self&#8221; text_content=&#8221;Dove vengono inviati i vostri dati&#8221; font_size=&#8221;2vw&#8221; font_line_height=&#8221;1.4&#8243; text_direction=&#8221;default&#8221; el_class=&#8221;semi-bold&#8221;][\/split_line_heading][vc_column_text css=&#8221;&#8221; text_direction=&#8221;default&#8221;]<!-- wp:heading --><\/p>\n<p>I commenti dei visitatori possono essere verificati tramite un servizio automatizzato di rilevamento dei commenti indesiderati.<!-- \/wp:paragraph --><\/p>\n[\/vc_column_text][\/vc_column][\/vc_row]\n","protected":false},"excerpt":{"rendered":"<p>[vc_row type=&#8221;in_container&#8221; full_screen_row_position=&#8221;middle&#8221; column_margin=&#8221;default&#8221; column_direction=&#8221;default&#8221; column_direction_tablet=&#8221;default&#8221; column_direction_phone=&#8221;default&#8221; scene_position=&#8221;center&#8221; text_color=&#8221;dark&#8221; text_align=&#8221;left&#8221; row_border_radius=&#8221;none&#8221; row_border_radius_applies=&#8221;bg&#8221; overflow=&#8221;visible&#8221; overlay_strength=&#8221;0.3&#8243; gradient_direction=&#8221;left_to_right&#8221; shape_divider_position=&#8221;bottom&#8221; bg_image_animation=&#8221;none&#8221;][vc_column column_padding=&#8221;no-extra-padding&#8221; column_padding_tablet=&#8221;inherit&#8221; column_padding_phone=&#8221;inherit&#8221; column_padding_position=&#8221;all&#8221; column_element_direction_desktop=&#8221;default&#8221; column_element_spacing=&#8221;default&#8221; desktop_text_alignment=&#8221;default&#8221; tablet_text_alignment=&#8221;default&#8221; phone_text_alignment=&#8221;default&#8221; background_color_opacity=&#8221;1&#8243; background_hover_color_opacity=&#8221;1&#8243; column_backdrop_filter=&#8221;none&#8221; column_shadow=&#8221;none&#8221;&#8230;<\/p>\n","protected":false},"author":1,"featured_media":2566,"parent":0,"menu_order":0,"comment_status":"closed","ping_status":"closed","template":"","meta":{"_acf_changed":false,"inline_featured_image":false,"footnotes":""},"class_list":["post-3338","page","type-page","status-publish","has-post-thumbnail"],"acf":[],"yoast_head":"<!-- This site is optimized with the Yoast SEO plugin v26.4 - https:\/\/yoast.com\/wordpress\/plugins\/seo\/ -->\n<title>Informativa sulla privacy | Sud Corse H\u00f4tellerie, Santa Giulia<\/title>\n<meta name=\"description\" content=\"Informativa sulla privacy di Sud Corse H\u00f4tellerie: scoprite come i vostri dati personali sono protetti in conformit\u00e0 al GDPR.\" \/>\n<meta name=\"robots\" content=\"index, follow, max-snippet:-1, max-image-preview:large, max-video-preview:-1\" \/>\n<link rel=\"canonical\" href=\"https:\/\/sud-corse.com\/it\/informativa-sulla-privacy\/\" \/>\n<meta property=\"og:locale\" content=\"it_IT\" \/>\n<meta property=\"og:type\" content=\"article\" \/>\n<meta property=\"og:title\" content=\"Informativa sulla privacy | Sud Corse H\u00f4tellerie, Santa Giulia\" \/>\n<meta property=\"og:description\" content=\"Informativa sulla privacy di Sud Corse H\u00f4tellerie: scoprite come i vostri dati personali sono protetti in conformit\u00e0 al GDPR.\" \/>\n<meta property=\"og:url\" content=\"https:\/\/sud-corse.com\/it\/informativa-sulla-privacy\/\" \/>\n<meta property=\"og:site_name\" content=\"sud-corse.com\" \/>\n<meta property=\"article:modified_time\" content=\"2025-10-27T10:44:34+00:00\" \/>\n<meta property=\"og:image\" content=\"https:\/\/sud-corse.com\/wp-content\/uploads\/2025\/09\/Ponton-Hotel-Moby-Dick-Santa-Giulia.jpg\" \/>\n\t<meta property=\"og:image:width\" content=\"1300\" \/>\n\t<meta property=\"og:image:height\" content=\"864\" \/>\n\t<meta property=\"og:image:type\" content=\"image\/jpeg\" \/>\n<meta name=\"twitter:card\" content=\"summary_large_image\" \/>\n<meta name=\"twitter:label1\" content=\"Tempo di lettura stimato\" \/>\n\t<meta name=\"twitter:data1\" content=\"7 minuti\" \/>\n<script type=\"application\/ld+json\" class=\"yoast-schema-graph\">{\"@context\":\"https:\/\/schema.org\",\"@graph\":[{\"@type\":\"WebPage\",\"@id\":\"https:\/\/sud-corse.com\/it\/informativa-sulla-privacy\/\",\"url\":\"https:\/\/sud-corse.com\/it\/informativa-sulla-privacy\/\",\"name\":\"Informativa sulla privacy | Sud Corse H\u00f4tellerie, Santa Giulia\",\"isPartOf\":{\"@id\":\"https:\/\/sud-corse.com\/#website\"},\"primaryImageOfPage\":{\"@id\":\"https:\/\/sud-corse.com\/it\/informativa-sulla-privacy\/#primaryimage\"},\"image\":{\"@id\":\"https:\/\/sud-corse.com\/it\/informativa-sulla-privacy\/#primaryimage\"},\"thumbnailUrl\":\"https:\/\/www.sud-corse.com\/wp-content\/uploads\/2025\/09\/Ponton-Hotel-Moby-Dick-Santa-Giulia.jpg\",\"datePublished\":\"2025-07-03T15:51:45+00:00\",\"dateModified\":\"2025-10-27T10:44:34+00:00\",\"description\":\"Informativa sulla privacy di Sud Corse H\u00f4tellerie: scoprite come i vostri dati personali sono protetti in conformit\u00e0 al GDPR.\",\"breadcrumb\":{\"@id\":\"https:\/\/sud-corse.com\/it\/informativa-sulla-privacy\/#breadcrumb\"},\"inLanguage\":\"it-IT\",\"potentialAction\":[{\"@type\":\"ReadAction\",\"target\":[\"https:\/\/sud-corse.com\/it\/informativa-sulla-privacy\/\"]}]},{\"@type\":\"ImageObject\",\"inLanguage\":\"it-IT\",\"@id\":\"https:\/\/sud-corse.com\/it\/informativa-sulla-privacy\/#primaryimage\",\"url\":\"https:\/\/www.sud-corse.com\/wp-content\/uploads\/2025\/09\/Ponton-Hotel-Moby-Dick-Santa-Giulia.jpg\",\"contentUrl\":\"https:\/\/www.sud-corse.com\/wp-content\/uploads\/2025\/09\/Ponton-Hotel-Moby-Dick-Santa-Giulia.jpg\",\"width\":1300,\"height\":864,\"caption\":\"Plage Santa Giulia ponton H\u00f4tel Moby Dick\"},{\"@type\":\"BreadcrumbList\",\"@id\":\"https:\/\/sud-corse.com\/it\/informativa-sulla-privacy\/#breadcrumb\",\"itemListElement\":[{\"@type\":\"ListItem\",\"position\":1,\"name\":\"Home\",\"item\":\"https:\/\/sud-corse.com\/it\/\"},{\"@type\":\"ListItem\",\"position\":2,\"name\":\"Informativa sulla privacy\"}]},{\"@type\":\"WebSite\",\"@id\":\"https:\/\/sud-corse.com\/#website\",\"url\":\"https:\/\/sud-corse.com\/\",\"name\":\"sch2\",\"description\":\"\",\"potentialAction\":[{\"@type\":\"SearchAction\",\"target\":{\"@type\":\"EntryPoint\",\"urlTemplate\":\"https:\/\/sud-corse.com\/?s={search_term_string}\"},\"query-input\":{\"@type\":\"PropertyValueSpecification\",\"valueRequired\":true,\"valueName\":\"search_term_string\"}}],\"inLanguage\":\"it-IT\"}]}<\/script>\n<!-- \/ Yoast SEO plugin. -->","yoast_head_json":{"title":"Informativa sulla privacy | Sud Corse H\u00f4tellerie, Santa Giulia","description":"Informativa sulla privacy di Sud Corse H\u00f4tellerie: scoprite come i vostri dati personali sono protetti in conformit\u00e0 al GDPR.","robots":{"index":"index","follow":"follow","max-snippet":"max-snippet:-1","max-image-preview":"max-image-preview:large","max-video-preview":"max-video-preview:-1"},"canonical":"https:\/\/sud-corse.com\/it\/informativa-sulla-privacy\/","og_locale":"it_IT","og_type":"article","og_title":"Informativa sulla privacy | Sud Corse H\u00f4tellerie, Santa Giulia","og_description":"Informativa sulla privacy di Sud Corse H\u00f4tellerie: scoprite come i vostri dati personali sono protetti in conformit\u00e0 al GDPR.","og_url":"https:\/\/sud-corse.com\/it\/informativa-sulla-privacy\/","og_site_name":"sud-corse.com","article_modified_time":"2025-10-27T10:44:34+00:00","og_image":[{"width":1300,"height":864,"url":"https:\/\/sud-corse.com\/wp-content\/uploads\/2025\/09\/Ponton-Hotel-Moby-Dick-Santa-Giulia.jpg","type":"image\/jpeg"}],"twitter_card":"summary_large_image","twitter_misc":{"Tempo di lettura stimato":"7 minuti"},"schema":{"@context":"https:\/\/schema.org","@graph":[{"@type":"WebPage","@id":"https:\/\/sud-corse.com\/it\/informativa-sulla-privacy\/","url":"https:\/\/sud-corse.com\/it\/informativa-sulla-privacy\/","name":"Informativa sulla privacy | Sud Corse H\u00f4tellerie, Santa Giulia","isPartOf":{"@id":"https:\/\/sud-corse.com\/#website"},"primaryImageOfPage":{"@id":"https:\/\/sud-corse.com\/it\/informativa-sulla-privacy\/#primaryimage"},"image":{"@id":"https:\/\/sud-corse.com\/it\/informativa-sulla-privacy\/#primaryimage"},"thumbnailUrl":"https:\/\/www.sud-corse.com\/wp-content\/uploads\/2025\/09\/Ponton-Hotel-Moby-Dick-Santa-Giulia.jpg","datePublished":"2025-07-03T15:51:45+00:00","dateModified":"2025-10-27T10:44:34+00:00","description":"Informativa sulla privacy di Sud Corse H\u00f4tellerie: scoprite come i vostri dati personali sono protetti in conformit\u00e0 al GDPR.","breadcrumb":{"@id":"https:\/\/sud-corse.com\/it\/informativa-sulla-privacy\/#breadcrumb"},"inLanguage":"it-IT","potentialAction":[{"@type":"ReadAction","target":["https:\/\/sud-corse.com\/it\/informativa-sulla-privacy\/"]}]},{"@type":"ImageObject","inLanguage":"it-IT","@id":"https:\/\/sud-corse.com\/it\/informativa-sulla-privacy\/#primaryimage","url":"https:\/\/www.sud-corse.com\/wp-content\/uploads\/2025\/09\/Ponton-Hotel-Moby-Dick-Santa-Giulia.jpg","contentUrl":"https:\/\/www.sud-corse.com\/wp-content\/uploads\/2025\/09\/Ponton-Hotel-Moby-Dick-Santa-Giulia.jpg","width":1300,"height":864,"caption":"Plage Santa Giulia ponton H\u00f4tel Moby Dick"},{"@type":"BreadcrumbList","@id":"https:\/\/sud-corse.com\/it\/informativa-sulla-privacy\/#breadcrumb","itemListElement":[{"@type":"ListItem","position":1,"name":"Home","item":"https:\/\/sud-corse.com\/it\/"},{"@type":"ListItem","position":2,"name":"Informativa sulla privacy"}]},{"@type":"WebSite","@id":"https:\/\/sud-corse.com\/#website","url":"https:\/\/sud-corse.com\/","name":"sch2","description":"","potentialAction":[{"@type":"SearchAction","target":{"@type":"EntryPoint","urlTemplate":"https:\/\/sud-corse.com\/?s={search_term_string}"},"query-input":{"@type":"PropertyValueSpecification","valueRequired":true,"valueName":"search_term_string"}}],"inLanguage":"it-IT"}]}},"_links":{"self":[{"href":"https:\/\/www.sud-corse.com\/it\/wp-json\/wp\/v2\/pages\/3338","targetHints":{"allow":["GET"]}}],"collection":[{"href":"https:\/\/www.sud-corse.com\/it\/wp-json\/wp\/v2\/pages"}],"about":[{"href":"https:\/\/www.sud-corse.com\/it\/wp-json\/wp\/v2\/types\/page"}],"author":[{"embeddable":true,"href":"https:\/\/www.sud-corse.com\/it\/wp-json\/wp\/v2\/users\/1"}],"replies":[{"embeddable":true,"href":"https:\/\/www.sud-corse.com\/it\/wp-json\/wp\/v2\/comments?post=3338"}],"version-history":[{"count":3,"href":"https:\/\/www.sud-corse.com\/it\/wp-json\/wp\/v2\/pages\/3338\/revisions"}],"predecessor-version":[{"id":3957,"href":"https:\/\/www.sud-corse.com\/it\/wp-json\/wp\/v2\/pages\/3338\/revisions\/3957"}],"wp:featuredmedia":[{"embeddable":true,"href":"https:\/\/www.sud-corse.com\/it\/wp-json\/wp\/v2\/media\/2566"}],"wp:attachment":[{"href":"https:\/\/www.sud-corse.com\/it\/wp-json\/wp\/v2\/media?parent=3338"}],"curies":[{"name":"wp","href":"https:\/\/api.w.org\/{rel}","templated":true}]}}