{"id":3361,"date":"2025-09-22T15:10:18","date_gmt":"2025-09-22T13:10:18","guid":{"rendered":"https:\/\/sud-corse.com\/sud-corse-hotellerie-assume\/"},"modified":"2025-10-27T11:15:33","modified_gmt":"2025-10-27T10:15:33","slug":"sud-corse-hotellerie-assume","status":"publish","type":"page","link":"https:\/\/www.sud-corse.com\/it\/sud-corse-hotellerie-assume\/","title":{"rendered":"Sud Corse H\u00f4tellerie assume"},"content":{"rendered":"[vc_row type=&#8221;in_container&#8221; full_screen_row_position=&#8221;middle&#8221; column_margin=&#8221;default&#8221; column_direction=&#8221;default&#8221; column_direction_tablet=&#8221;default&#8221; column_direction_phone=&#8221;default&#8221; scene_position=&#8221;center&#8221; text_color=&#8221;dark&#8221; text_align=&#8221;left&#8221; row_border_radius=&#8221;none&#8221; row_border_radius_applies=&#8221;bg&#8221; overflow=&#8221;visible&#8221; overlay_strength=&#8221;0.3&#8243; gradient_direction=&#8221;left_to_right&#8221; shape_divider_position=&#8221;bottom&#8221; bg_image_animation=&#8221;none&#8221;][vc_column column_padding=&#8221;no-extra-padding&#8221; column_padding_tablet=&#8221;inherit&#8221; column_padding_phone=&#8221;inherit&#8221; column_padding_position=&#8221;all&#8221; column_element_direction_desktop=&#8221;default&#8221; column_element_spacing=&#8221;default&#8221; desktop_text_alignment=&#8221;default&#8221; tablet_text_alignment=&#8221;default&#8221; phone_text_alignment=&#8221;default&#8221; background_color_opacity=&#8221;1&#8243; background_hover_color_opacity=&#8221;1&#8243; column_backdrop_filter=&#8221;none&#8221; column_shadow=&#8221;none&#8221; column_border_radius=&#8221;none&#8221; column_link_target=&#8221;_self&#8221; column_position=&#8221;default&#8221; gradient_direction=&#8221;left_to_right&#8221; overlay_strength=&#8221;0.3&#8243; width=&#8221;1\/1&#8243; tablet_width_inherit=&#8221;default&#8221; animation_type=&#8221;default&#8221; bg_image_animation=&#8221;none&#8221; border_type=&#8221;simple&#8221; column_border_width=&#8221;none&#8221; column_border_style=&#8221;solid&#8221;][divider line_type=&#8221;No Line&#8221;][split_line_heading animation_type=&#8221;line-reveal-by-space&#8221; font_style=&#8221;h1&#8243; text_color=&#8221;#466d5c&#8221; line_reveal_by_space_text_effect=&#8221;default&#8221; content_alignment=&#8221;default&#8221; mobile_content_alignment=&#8221;inherit&#8221; link_target=&#8221;_self&#8221; text_content=&#8221;Sud Corse H\u00f4tellerie assume&#8221; text_direction=&#8221;default&#8221;][\/split_line_heading][divider line_type=&#8221;No Line&#8221;][image_with_animation image_url=&#8221;2416&#8243; image_size=&#8221;large&#8221; animation_type=&#8221;entrance&#8221; animation=&#8221;None&#8221; animation_movement_type=&#8221;transform_y&#8221; hover_animation=&#8221;none&#8221; alignment=&#8221;&#8221; border_radius=&#8221;none&#8221; box_shadow=&#8221;none&#8221; image_loading=&#8221;default&#8221; max_width=&#8221;100%&#8221; max_width_mobile=&#8221;default&#8221;][vc_column_text css=&#8221;&#8221; text_direction=&#8221;default&#8221;]\n<header><\/header>\n<div class=\"entry-content\">\n<p>Sud Corse H\u00f4tellerie \u00e8 un\u2019azienda rinomata nel settore alberghiero, che offre esperienze di soggiorno eccezionali nella splendida baia di Santa Giulia a Porto-Vecchio. La nostra impresa si distingue per l\u2019impegno verso l\u2019eccellenza, l\u2019ospitalit\u00e0 calorosa e un servizio clienti senza pari. Con un portafoglio diversificato di hotel di lusso, resort balneari e ville per vacanze, Sud Corse H\u00f4tellerie si impegna a creare momenti memorabili per ogni ospite, offrendo alloggi di alta qualit\u00e0, strutture moderne e una vista mozzafiato sulla spiaggia di Santa Giulia.   <\/p>\n<p>Nous disposons de 2 h\u00f4tels, <a href=\"https:\/\/www.sud-corse.com\/hotels\/hotel-moby-dick\/\" target=\"_blank\" rel=\"noreferrer noopener\">H\u00f4tel Lodges Moby Dick****<\/a> et l\u2019<a href=\"https:\/\/www.sud-corse.com\/hotels\/hotel-castellverde\/\">H\u00f4tel Castell\u2019Verde***<\/a> ainsi que de 3 r\u00e9sidences, <a href=\"https:\/\/www.sud-corse.com\/residence\/residence-moby-dick\/\">R\u00e9sidence Moby Dick<\/a>, <a href=\"https:\/\/www.sud-corse.com\/residence\/residence-castellverde\/\">R\u00e9sidence Castell\u2019Verde<\/a>, <a href=\"https:\/\/www.sud-corse.com\/residence\/residence-cala-sultana\/\">R\u00e9sidence Cala Sultana<\/a>.<br \/>Disponiamo di 2 hotel, Hotel Lodges Moby Dick**** e Hotel Castell\u2019Verde***, nonch\u00e9 di 3 residence, Residence Moby Dick, Residence Castell\u2019Verde, Residence Cala Sultana. La nostra struttura ospita anche un bar biologico sulla spiaggia, L&#8217;Oasis Santa Giulia, il ristorante La Table du Moby Dick e la pizzeria e snack bar U Rustitu.<\/p>\n<p>Il nostro team dedicato \u00e8 appassionato dell\u2019arte dell\u2019ospitalit\u00e0 e si impegna a soddisfare le esigenze e le aspettative uniche dei nostri clienti, offrendo un\u2019esperienza personalizzata e su misura. Che si tratti di vacanze in famiglia, fughe romantiche o eventi speciali, Sud Corse H\u00f4tellerie \u00e8 la scelta ideale per chi cerca una destinazione da sogno sul mare. <\/p>\n<p>&nbsp;<\/p>\n<\/div>\n[\/vc_column_text][image_with_animation image_url=&#8221;2419&#8243; image_size=&#8221;large&#8221; animation_type=&#8221;entrance&#8221; animation=&#8221;None&#8221; animation_movement_type=&#8221;transform_y&#8221; hover_animation=&#8221;none&#8221; alignment=&#8221;&#8221; border_radius=&#8221;none&#8221; box_shadow=&#8221;none&#8221; image_loading=&#8221;default&#8221; max_width=&#8221;100%&#8221; max_width_mobile=&#8221;default&#8221;][split_line_heading animation_type=&#8221;line-reveal-by-space&#8221; font_style=&#8221;h2&#8243; text_color=&#8221;#466d5c&#8221; font_size_min=&#8221;25px&#8221; font_size_max=&#8221;30px&#8221; line_reveal_by_space_text_effect=&#8221;default&#8221; content_alignment=&#8221;default&#8221; mobile_content_alignment=&#8221;inherit&#8221; link_target=&#8221;_self&#8221; text_content=&#8221;Ogni anno, Sud Corse H\u00f4tellerie assume!&#8221; font_size=&#8221;2vw&#8221; font_line_height=&#8221;1.4&#8243; text_direction=&#8221;default&#8221; el_class=&#8221;semi-bold&#8221;][\/split_line_heading][vc_column_text css=&#8221;&#8221; text_direction=&#8221;default&#8221;]\n<header><\/header>\n<div class=\"entry-content\">\n<p>Cerchiamo professionisti talentuosi e appassionati, pronti a offrire un servizio di qualit\u00e0 ai nostri clienti. Che siate studenti in cerca di un\u2019esperienza arricchente, lavoratori stagionali esperti o persone desiderose di scoprire il mondo dell\u2019ospitalit\u00e0, abbiamo diverse posizioni da coprire. Approfittate di questa opportunit\u00e0 unica per entrare a far parte di un team dinamico e appassionato.  <\/p>\n<h3><strong>Posizioni disponibili :<\/strong><\/h3>\n<p><strong>RECEPTION (Inglese obligatorio)<\/strong><br \/>\n\u2022 Vice Capo Ricevimento<br \/>\n\u2022 Capo Brigata<br \/>\n\u2022 Receptionist<br \/>\n\u2022 Receptionist a Rotazione<br \/>\n\u2022 Night Audit<br \/>\n\u2022 Facchino<br \/>\n\u2022 Assistente Governante<\/p>\n<p><strong>PULIZIE (39h)<\/strong><br \/>\n\u2022 Cameriera ai piani<br \/>\n\u2022 Aiuto Cameriere \/ Addetto alla manutenzione<br \/>\n\u2022 Addetta alle pulizie<\/p>\n<p><strong>CUCINA(39h)<\/strong><br \/>\n\u2022 Chef de Partie (42h)<br \/>\n\u2022 \u00bd Chef de Partie<br \/>\n\u2022 Commis di Cucina<br \/>\n\u2022 Sous-Chef<br \/>\n\u2022 Aiuto Cucina<br \/>\n\u2022 Lavapiatti<\/p>\n<p><strong>RISTORANTE (39h)<\/strong><br \/>\n\u2022 Assistente Ma\u00eetre d\u2019H\u00f4tel<br \/>\n\u2022 Responsabile Colazioni<br \/>\n\u2022 Chef de Rang<br \/>\n\u2022 Commis di Sala<br \/>\n\u2022 Commis di Bar<br \/>\n\u2022 Bagnino \/ Addetto Spiaggia<\/p>\n<p><strong>TECNOLOGICO (39h)<\/strong><br \/>\n\u2022 Guardiano Notturno<br \/>\n\u2022 Addetto Polivalente (2 Notti\/3 Giorni in Tecnica)<br \/>\n\u2022 Tecnico Polivalente<\/p>\n<p>Le posizioni prevedono vitto e alloggio nelle vicinanze; possedere un veicolo \u00e8 un vantaggio.<\/p>\n<p>Inviare il CV e la lettera di presentazione a : <strong>recrutement@sud-corse.fr<\/strong><\/p>\n<\/div>\n[\/vc_column_text][image_with_animation image_url=&#8221;2422&#8243; image_size=&#8221;large&#8221; animation_type=&#8221;entrance&#8221; animation=&#8221;None&#8221; animation_movement_type=&#8221;transform_y&#8221; hover_animation=&#8221;none&#8221; alignment=&#8221;&#8221; border_radius=&#8221;none&#8221; box_shadow=&#8221;none&#8221; image_loading=&#8221;default&#8221; max_width=&#8221;100%&#8221; max_width_mobile=&#8221;default&#8221;][\/vc_column][\/vc_row][vc_row type=&#8221;in_container&#8221; full_screen_row_position=&#8221;middle&#8221; column_margin=&#8221;default&#8221; column_direction=&#8221;default&#8221; column_direction_tablet=&#8221;default&#8221; column_direction_phone=&#8221;default&#8221; scene_position=&#8221;center&#8221; text_color=&#8221;dark&#8221; text_align=&#8221;left&#8221; row_border_radius=&#8221;none&#8221; row_border_radius_applies=&#8221;bg&#8221; overflow=&#8221;visible&#8221; overlay_strength=&#8221;0.3&#8243; gradient_direction=&#8221;left_to_right&#8221; shape_divider_position=&#8221;bottom&#8221; bg_image_animation=&#8221;none&#8221;][vc_column column_padding=&#8221;no-extra-padding&#8221; column_padding_tablet=&#8221;inherit&#8221; column_padding_phone=&#8221;inherit&#8221; column_padding_position=&#8221;all&#8221; column_element_direction_desktop=&#8221;default&#8221; column_element_spacing=&#8221;default&#8221; desktop_text_alignment=&#8221;default&#8221; tablet_text_alignment=&#8221;default&#8221; phone_text_alignment=&#8221;default&#8221; background_color_opacity=&#8221;1&#8243; background_hover_color_opacity=&#8221;1&#8243; column_backdrop_filter=&#8221;none&#8221; column_shadow=&#8221;none&#8221; column_border_radius=&#8221;none&#8221; column_link_target=&#8221;_self&#8221; column_position=&#8221;default&#8221; gradient_direction=&#8221;left_to_right&#8221; overlay_strength=&#8221;0.3&#8243; width=&#8221;1\/1&#8243; tablet_width_inherit=&#8221;default&#8221; animation_type=&#8221;default&#8221; bg_image_animation=&#8221;none&#8221; border_type=&#8221;simple&#8221; column_border_width=&#8221;none&#8221; column_border_style=&#8221;solid&#8221;][\/vc_column][\/vc_row][vc_row type=&#8221;in_container&#8221; full_screen_row_position=&#8221;middle&#8221; column_margin=&#8221;default&#8221; column_direction=&#8221;default&#8221; column_direction_tablet=&#8221;default&#8221; column_direction_phone=&#8221;default&#8221; scene_position=&#8221;center&#8221; text_color=&#8221;dark&#8221; text_align=&#8221;left&#8221; row_border_radius=&#8221;none&#8221; row_border_radius_applies=&#8221;bg&#8221; overflow=&#8221;visible&#8221; overlay_strength=&#8221;0.3&#8243; gradient_direction=&#8221;left_to_right&#8221; shape_divider_position=&#8221;bottom&#8221; bg_image_animation=&#8221;none&#8221;][vc_column column_padding=&#8221;no-extra-padding&#8221; column_padding_tablet=&#8221;inherit&#8221; column_padding_phone=&#8221;inherit&#8221; column_padding_position=&#8221;all&#8221; column_element_direction_desktop=&#8221;default&#8221; column_element_spacing=&#8221;default&#8221; desktop_text_alignment=&#8221;default&#8221; tablet_text_alignment=&#8221;default&#8221; phone_text_alignment=&#8221;default&#8221; background_color_opacity=&#8221;1&#8243; background_hover_color_opacity=&#8221;1&#8243; column_backdrop_filter=&#8221;none&#8221; column_shadow=&#8221;none&#8221; column_border_radius=&#8221;none&#8221; column_link_target=&#8221;_self&#8221; column_position=&#8221;default&#8221; gradient_direction=&#8221;left_to_right&#8221; overlay_strength=&#8221;0.3&#8243; width=&#8221;1\/1&#8243; tablet_width_inherit=&#8221;default&#8221; animation_type=&#8221;default&#8221; bg_image_animation=&#8221;none&#8221; border_type=&#8221;simple&#8221; column_border_width=&#8221;none&#8221; column_border_style=&#8221;solid&#8221;][\/vc_column][\/vc_row]\n","protected":false},"excerpt":{"rendered":"<p>[vc_row type=&#8221;in_container&#8221; full_screen_row_position=&#8221;middle&#8221; column_margin=&#8221;default&#8221; column_direction=&#8221;default&#8221; column_direction_tablet=&#8221;default&#8221; column_direction_phone=&#8221;default&#8221; scene_position=&#8221;center&#8221; text_color=&#8221;dark&#8221; text_align=&#8221;left&#8221; row_border_radius=&#8221;none&#8221; row_border_radius_applies=&#8221;bg&#8221; overflow=&#8221;visible&#8221; overlay_strength=&#8221;0.3&#8243; gradient_direction=&#8221;left_to_right&#8221; shape_divider_position=&#8221;bottom&#8221; bg_image_animation=&#8221;none&#8221;][vc_column column_padding=&#8221;no-extra-padding&#8221; column_padding_tablet=&#8221;inherit&#8221; column_padding_phone=&#8221;inherit&#8221; column_padding_position=&#8221;all&#8221; column_element_direction_desktop=&#8221;default&#8221; column_element_spacing=&#8221;default&#8221; desktop_text_alignment=&#8221;default&#8221; tablet_text_alignment=&#8221;default&#8221; phone_text_alignment=&#8221;default&#8221; background_color_opacity=&#8221;1&#8243; background_hover_color_opacity=&#8221;1&#8243; column_backdrop_filter=&#8221;none&#8221; column_shadow=&#8221;none&#8221;&#8230;<\/p>\n","protected":false},"author":2,"featured_media":2566,"parent":0,"menu_order":0,"comment_status":"closed","ping_status":"closed","template":"","meta":{"_acf_changed":false,"inline_featured_image":false,"footnotes":""},"class_list":["post-3361","page","type-page","status-publish","has-post-thumbnail"],"acf":[],"yoast_head":"<!-- This site is optimized with the Yoast SEO plugin v26.4 - https:\/\/yoast.com\/wordpress\/plugins\/seo\/ -->\n<title>Sud Corse H\u00f4tellerie assume | Sud Corse H\u00f4tellerie, Santa Giulia<\/title>\n<meta name=\"description\" content=\"Sud Corse H\u00f4tellerie assume a Santa Giulia! Unitevi ai nostri team in alberghiero, ristorazione, tecnica o ricevimento.\" \/>\n<meta name=\"robots\" content=\"index, follow, max-snippet:-1, max-image-preview:large, max-video-preview:-1\" \/>\n<link rel=\"canonical\" href=\"https:\/\/sud-corse.com\/it\/sud-corse-hotellerie-assume\/\" \/>\n<meta property=\"og:locale\" content=\"it_IT\" \/>\n<meta property=\"og:type\" content=\"article\" \/>\n<meta property=\"og:title\" content=\"Sud Corse H\u00f4tellerie assume | Sud Corse H\u00f4tellerie, Santa Giulia\" \/>\n<meta property=\"og:description\" content=\"Sud Corse H\u00f4tellerie assume a Santa Giulia! Unitevi ai nostri team in alberghiero, ristorazione, tecnica o ricevimento.\" \/>\n<meta property=\"og:url\" content=\"https:\/\/sud-corse.com\/it\/sud-corse-hotellerie-assume\/\" \/>\n<meta property=\"og:site_name\" content=\"sud-corse.com\" \/>\n<meta property=\"article:modified_time\" content=\"2025-10-27T10:15:33+00:00\" \/>\n<meta property=\"og:image\" content=\"https:\/\/sud-corse.com\/wp-content\/uploads\/2025\/09\/Ponton-Hotel-Moby-Dick-Santa-Giulia.jpg\" \/>\n\t<meta property=\"og:image:width\" content=\"1300\" \/>\n\t<meta property=\"og:image:height\" content=\"864\" \/>\n\t<meta property=\"og:image:type\" content=\"image\/jpeg\" \/>\n<meta name=\"twitter:card\" content=\"summary_large_image\" \/>\n<meta name=\"twitter:label1\" content=\"Tempo di lettura stimato\" \/>\n\t<meta name=\"twitter:data1\" content=\"6 minuti\" \/>\n<script type=\"application\/ld+json\" class=\"yoast-schema-graph\">{\"@context\":\"https:\/\/schema.org\",\"@graph\":[{\"@type\":\"WebPage\",\"@id\":\"https:\/\/sud-corse.com\/it\/sud-corse-hotellerie-assume\/\",\"url\":\"https:\/\/sud-corse.com\/it\/sud-corse-hotellerie-assume\/\",\"name\":\"Sud Corse H\u00f4tellerie assume | Sud Corse H\u00f4tellerie, Santa Giulia\",\"isPartOf\":{\"@id\":\"https:\/\/sud-corse.com\/#website\"},\"primaryImageOfPage\":{\"@id\":\"https:\/\/sud-corse.com\/it\/sud-corse-hotellerie-assume\/#primaryimage\"},\"image\":{\"@id\":\"https:\/\/sud-corse.com\/it\/sud-corse-hotellerie-assume\/#primaryimage\"},\"thumbnailUrl\":\"https:\/\/www.sud-corse.com\/wp-content\/uploads\/2025\/09\/Ponton-Hotel-Moby-Dick-Santa-Giulia.jpg\",\"datePublished\":\"2025-09-22T13:10:18+00:00\",\"dateModified\":\"2025-10-27T10:15:33+00:00\",\"description\":\"Sud Corse H\u00f4tellerie assume a Santa Giulia! Unitevi ai nostri team in alberghiero, ristorazione, tecnica o ricevimento.\",\"breadcrumb\":{\"@id\":\"https:\/\/sud-corse.com\/it\/sud-corse-hotellerie-assume\/#breadcrumb\"},\"inLanguage\":\"it-IT\",\"potentialAction\":[{\"@type\":\"ReadAction\",\"target\":[\"https:\/\/sud-corse.com\/it\/sud-corse-hotellerie-assume\/\"]}]},{\"@type\":\"ImageObject\",\"inLanguage\":\"it-IT\",\"@id\":\"https:\/\/sud-corse.com\/it\/sud-corse-hotellerie-assume\/#primaryimage\",\"url\":\"https:\/\/www.sud-corse.com\/wp-content\/uploads\/2025\/09\/Ponton-Hotel-Moby-Dick-Santa-Giulia.jpg\",\"contentUrl\":\"https:\/\/www.sud-corse.com\/wp-content\/uploads\/2025\/09\/Ponton-Hotel-Moby-Dick-Santa-Giulia.jpg\",\"width\":1300,\"height\":864,\"caption\":\"Plage Santa Giulia ponton H\u00f4tel Moby Dick\"},{\"@type\":\"BreadcrumbList\",\"@id\":\"https:\/\/sud-corse.com\/it\/sud-corse-hotellerie-assume\/#breadcrumb\",\"itemListElement\":[{\"@type\":\"ListItem\",\"position\":1,\"name\":\"Home\",\"item\":\"https:\/\/sud-corse.com\/it\/\"},{\"@type\":\"ListItem\",\"position\":2,\"name\":\"Sud Corse H\u00f4tellerie assume\"}]},{\"@type\":\"WebSite\",\"@id\":\"https:\/\/sud-corse.com\/#website\",\"url\":\"https:\/\/sud-corse.com\/\",\"name\":\"sch2\",\"description\":\"\",\"potentialAction\":[{\"@type\":\"SearchAction\",\"target\":{\"@type\":\"EntryPoint\",\"urlTemplate\":\"https:\/\/sud-corse.com\/?s={search_term_string}\"},\"query-input\":{\"@type\":\"PropertyValueSpecification\",\"valueRequired\":true,\"valueName\":\"search_term_string\"}}],\"inLanguage\":\"it-IT\"}]}<\/script>\n<!-- \/ Yoast SEO plugin. -->","yoast_head_json":{"title":"Sud Corse H\u00f4tellerie assume | Sud Corse H\u00f4tellerie, Santa Giulia","description":"Sud Corse H\u00f4tellerie assume a Santa Giulia! Unitevi ai nostri team in alberghiero, ristorazione, tecnica o ricevimento.","robots":{"index":"index","follow":"follow","max-snippet":"max-snippet:-1","max-image-preview":"max-image-preview:large","max-video-preview":"max-video-preview:-1"},"canonical":"https:\/\/sud-corse.com\/it\/sud-corse-hotellerie-assume\/","og_locale":"it_IT","og_type":"article","og_title":"Sud Corse H\u00f4tellerie assume | Sud Corse H\u00f4tellerie, Santa Giulia","og_description":"Sud Corse H\u00f4tellerie assume a Santa Giulia! Unitevi ai nostri team in alberghiero, ristorazione, tecnica o ricevimento.","og_url":"https:\/\/sud-corse.com\/it\/sud-corse-hotellerie-assume\/","og_site_name":"sud-corse.com","article_modified_time":"2025-10-27T10:15:33+00:00","og_image":[{"width":1300,"height":864,"url":"https:\/\/sud-corse.com\/wp-content\/uploads\/2025\/09\/Ponton-Hotel-Moby-Dick-Santa-Giulia.jpg","type":"image\/jpeg"}],"twitter_card":"summary_large_image","twitter_misc":{"Tempo di lettura stimato":"6 minuti"},"schema":{"@context":"https:\/\/schema.org","@graph":[{"@type":"WebPage","@id":"https:\/\/sud-corse.com\/it\/sud-corse-hotellerie-assume\/","url":"https:\/\/sud-corse.com\/it\/sud-corse-hotellerie-assume\/","name":"Sud Corse H\u00f4tellerie assume | Sud Corse H\u00f4tellerie, Santa Giulia","isPartOf":{"@id":"https:\/\/sud-corse.com\/#website"},"primaryImageOfPage":{"@id":"https:\/\/sud-corse.com\/it\/sud-corse-hotellerie-assume\/#primaryimage"},"image":{"@id":"https:\/\/sud-corse.com\/it\/sud-corse-hotellerie-assume\/#primaryimage"},"thumbnailUrl":"https:\/\/www.sud-corse.com\/wp-content\/uploads\/2025\/09\/Ponton-Hotel-Moby-Dick-Santa-Giulia.jpg","datePublished":"2025-09-22T13:10:18+00:00","dateModified":"2025-10-27T10:15:33+00:00","description":"Sud Corse H\u00f4tellerie assume a Santa Giulia! Unitevi ai nostri team in alberghiero, ristorazione, tecnica o ricevimento.","breadcrumb":{"@id":"https:\/\/sud-corse.com\/it\/sud-corse-hotellerie-assume\/#breadcrumb"},"inLanguage":"it-IT","potentialAction":[{"@type":"ReadAction","target":["https:\/\/sud-corse.com\/it\/sud-corse-hotellerie-assume\/"]}]},{"@type":"ImageObject","inLanguage":"it-IT","@id":"https:\/\/sud-corse.com\/it\/sud-corse-hotellerie-assume\/#primaryimage","url":"https:\/\/www.sud-corse.com\/wp-content\/uploads\/2025\/09\/Ponton-Hotel-Moby-Dick-Santa-Giulia.jpg","contentUrl":"https:\/\/www.sud-corse.com\/wp-content\/uploads\/2025\/09\/Ponton-Hotel-Moby-Dick-Santa-Giulia.jpg","width":1300,"height":864,"caption":"Plage Santa Giulia ponton H\u00f4tel Moby Dick"},{"@type":"BreadcrumbList","@id":"https:\/\/sud-corse.com\/it\/sud-corse-hotellerie-assume\/#breadcrumb","itemListElement":[{"@type":"ListItem","position":1,"name":"Home","item":"https:\/\/sud-corse.com\/it\/"},{"@type":"ListItem","position":2,"name":"Sud Corse H\u00f4tellerie assume"}]},{"@type":"WebSite","@id":"https:\/\/sud-corse.com\/#website","url":"https:\/\/sud-corse.com\/","name":"sch2","description":"","potentialAction":[{"@type":"SearchAction","target":{"@type":"EntryPoint","urlTemplate":"https:\/\/sud-corse.com\/?s={search_term_string}"},"query-input":{"@type":"PropertyValueSpecification","valueRequired":true,"valueName":"search_term_string"}}],"inLanguage":"it-IT"}]}},"_links":{"self":[{"href":"https:\/\/www.sud-corse.com\/it\/wp-json\/wp\/v2\/pages\/3361","targetHints":{"allow":["GET"]}}],"collection":[{"href":"https:\/\/www.sud-corse.com\/it\/wp-json\/wp\/v2\/pages"}],"about":[{"href":"https:\/\/www.sud-corse.com\/it\/wp-json\/wp\/v2\/types\/page"}],"author":[{"embeddable":true,"href":"https:\/\/www.sud-corse.com\/it\/wp-json\/wp\/v2\/users\/2"}],"replies":[{"embeddable":true,"href":"https:\/\/www.sud-corse.com\/it\/wp-json\/wp\/v2\/comments?post=3361"}],"version-history":[{"count":6,"href":"https:\/\/www.sud-corse.com\/it\/wp-json\/wp\/v2\/pages\/3361\/revisions"}],"predecessor-version":[{"id":3936,"href":"https:\/\/www.sud-corse.com\/it\/wp-json\/wp\/v2\/pages\/3361\/revisions\/3936"}],"wp:featuredmedia":[{"embeddable":true,"href":"https:\/\/www.sud-corse.com\/it\/wp-json\/wp\/v2\/media\/2566"}],"wp:attachment":[{"href":"https:\/\/www.sud-corse.com\/it\/wp-json\/wp\/v2\/media?parent=3361"}],"curies":[{"name":"wp","href":"https:\/\/api.w.org\/{rel}","templated":true}]}}